{"id":4749,"date":"2024-06-22T13:15:13","date_gmt":"2024-06-22T10:15:13","guid":{"rendered":"https:\/\/fundaakoz.com\/?page_id=4749"},"modified":"2024-09-26T15:44:03","modified_gmt":"2024-09-26T12:44:03","slug":"eyelid-aesthetics","status":"publish","type":"page","link":"https:\/\/fundaakoz.com\/en\/eyelid-aesthetics\/","title":{"rendered":"Eyelid Aesthetics"},"content":{"rendered":"<div data-elementor-type=\"wp-page\" data-elementor-id=\"4749\" class=\"elementor elementor-4749\">\n\t\t\t\t<div class=\"elementor-element elementor-element-9791e14 e-con-full e-flex e-con e-parent\" data-id=\"9791e14\" data-element_type=\"container\">\n\t\t<div class=\"elementor-element elementor-element-39220e8 e-con-full e-flex e-con e-child\" data-id=\"39220e8\" data-element_type=\"container\">\n\t\t\t\t<div class=\"elementor-element elementor-element-a2057e1 elementor-widget elementor-widget-heading\" data-id=\"a2057e1\" data-element_type=\"widget\" data-widget_type=\"heading.default\">\n\t\t\t\t<div class=\"elementor-widget-container\">\n\t\t\t<h4 class=\"elementor-heading-title elementor-size-default\">All Treatments<\/h4>\t\t<\/div>\n\t\t\t\t<\/div>\n\t\t\t\t<div class=\"elementor-element elementor-element-1c55ff0 eael-hamburger--none elementor-widget elementor-widget-eael-simple-menu\" data-id=\"1c55ff0\" data-element_type=\"widget\" data-widget_type=\"eael-simple-menu.default\">\n\t\t\t\t<div class=\"elementor-widget-container\">\n\t\t\t            <div data-hamburger-icon=\"&lt;svg aria-hidden=&quot;true&quot; class=&quot;e-font-icon-svg e-fas-bars&quot; viewBox=&quot;0 0 448 512&quot; xmlns=&quot;http:\/\/www.w3.org\/2000\/svg&quot;&gt;&lt;path d=&quot;M16 132h416c8.837 0 16-7.163 16-16V76c0-8.837-7.163-16-16-16H16C7.163 60 0 67.163 0 76v40c0 8.837 7.163 16 16 16zm0 160h416c8.837 0 16-7.163 16-16v-40c0-8.837-7.163-16-16-16H16c-8.837 0-16 7.163-16 16v40c0 8.837 7.163 16 16 16zm0 160h416c8.837 0 16-7.163 16-16v-40c0-8.837-7.163-16-16-16H16c-8.837 0-16 7.163-16 16v40c0 8.837 7.163 16 16 16z&quot;&gt;&lt;\/path&gt;&lt;\/svg&gt;\" data-indicator-icon=\"\" data-dropdown-indicator-icon=\"&lt;svg class=&quot;e-font-icon-svg e-fas-angle-down&quot; viewBox=&quot;0 0 320 512&quot; xmlns=&quot;http:\/\/www.w3.org\/2000\/svg&quot;&gt;&lt;path d=&quot;M143 352.3L7 216.3c-9.4-9.4-9.4-24.6 0-33.9l22.6-22.6c9.4-9.4 24.6-9.4 33.9 0l96.4 96.4 96.4-96.4c9.4-9.4 24.6-9.4 33.9 0l22.6 22.6c9.4 9.4 9.4 24.6 0 33.9l-136 136c-9.2 9.4-24.4 9.4-33.8 0z&quot;&gt;&lt;\/path&gt;&lt;\/svg&gt;\" class=\"eael-simple-menu-container eael-simple-menu-align-left eael-simple-menu-dropdown-align-left preset-1\" data-hamburger-breakpoints=\"{&quot;mobile&quot;:&quot;Mobile Portrait (&gt; 767px)&quot;,&quot;tablet&quot;:&quot;Tablet Portrait (&gt; 1024px)&quot;,&quot;desktop&quot;:&quot;Desktop (&gt; 2400px)&quot;,&quot;none&quot;:&quot;None&quot;}\" data-hamburger-device=\"none\">\n                <ul id=\"menu-tedaviler\" class=\"eael-simple-menu eael-simple-menu-dropdown-animate-to-top eael-simple-menu-indicator eael-simple-menu-vertical\"><li id=\"menu-item-5224\" class=\"menu-item menu-item-type-post_type menu-item-object-page menu-item-5224\"><a href=\"https:\/\/fundaakoz.com\/en\/rhinoplasty\/\">Rhinoplasty<\/a><\/li>\n<li id=\"menu-item-5229\" class=\"menu-item menu-item-type-post_type menu-item-object-page menu-item-5229\"><a href=\"https:\/\/fundaakoz.com\/en\/facial-aesthetics\/\">Facial Aesthetics<\/a><\/li>\n<li id=\"menu-item-7183\" class=\"menu-item menu-item-type-post_type menu-item-object-page menu-item-7183\"><a href=\"https:\/\/fundaakoz.com\/en\/lip-aesthetics-lip-lifting\/\">Lip Aesthetics<\/a><\/li>\n<li id=\"menu-item-5226\" class=\"menu-item menu-item-type-post_type menu-item-object-page menu-item-5226\"><a href=\"https:\/\/fundaakoz.com\/en\/eyelid-aesthetics\/\">Eyelid Aesthetics<\/a><\/li>\n<li id=\"menu-item-7182\" class=\"menu-item menu-item-type-post_type menu-item-object-page menu-item-7182\"><a href=\"https:\/\/fundaakoz.com\/en\/bisectomy-cheek-aesthetics\/\">Bishectomy<\/a><\/li>\n<li id=\"menu-item-5228\" class=\"menu-item menu-item-type-post_type menu-item-object-page menu-item-5228\"><a href=\"https:\/\/fundaakoz.com\/en\/breast-aesthetics\/\">Breast Aesthetics<\/a><\/li>\n<li id=\"menu-item-5227\" class=\"menu-item menu-item-type-post_type menu-item-object-page menu-item-5227\"><a href=\"https:\/\/fundaakoz.com\/en\/abdominoplasty\/\">Abdominoplasty<\/a><\/li>\n<li id=\"menu-item-7181\" class=\"menu-item menu-item-type-post_type menu-item-object-page menu-item-7181\"><a href=\"https:\/\/fundaakoz.com\/en\/mommy-aesthetics-mommy-makeover\/\">Mommy Makeover<\/a><\/li>\n<li id=\"menu-item-7184\" class=\"menu-item menu-item-type-post_type menu-item-object-page menu-item-7184\"><a href=\"https:\/\/fundaakoz.com\/en\/liposuction\/\">Liposuction<\/a><\/li>\n<li id=\"menu-item-7185\" class=\"menu-item menu-item-type-post_type menu-item-object-page menu-item-7185\"><a href=\"https:\/\/fundaakoz.com\/en\/butt-aesthetic-bbl\/\">Butt Aesthetics (BBL)<\/a><\/li>\n<\/ul>                <button class=\"eael-simple-menu-toggle\">\n                    <span class=\"sr-only\">Humberger Toggle Menu<\/span>\n                    <svg aria-hidden=\"true\" class=\"e-font-icon-svg e-fas-bars\" viewbox=\"0 0 448 512\" xmlns=\"http:\/\/www.w3.org\/2000\/svg\"><path d=\"M16 132h416c8.837 0 16-7.163 16-16V76c0-8.837-7.163-16-16-16H16C7.163 60 0 67.163 0 76v40c0 8.837 7.163 16 16 16zm0 160h416c8.837 0 16-7.163 16-16v-40c0-8.837-7.163-16-16-16H16c-8.837 0-16 7.163-16 16v40c0 8.837 7.163 16 16 16zm0 160h416c8.837 0 16-7.163 16-16v-40c0-8.837-7.163-16-16-16H16c-8.837 0-16 7.163-16 16v40c0 8.837 7.163 16 16 16z\"><\/path><\/svg>                <\/button>\n            <\/div>\n            \t\t<\/div>\n\t\t\t\t<\/div>\n\t\t<div class=\"elementor-element elementor-element-1ee86b4 e-con-full e-flex e-con e-child\" data-id=\"1ee86b4\" data-element_type=\"container\" data-settings=\"{&quot;background_background&quot;:&quot;classic&quot;}\">\n\t\t\t\t<div class=\"elementor-element elementor-element-48416a9 elementor-widget elementor-widget-heading\" data-id=\"48416a9\" data-element_type=\"widget\" data-widget_type=\"heading.default\">\n\t\t\t\t<div class=\"elementor-widget-container\">\n\t\t\t<h4 class=\"elementor-heading-title elementor-size-default\">Contact Information<\/h4>\t\t<\/div>\n\t\t\t\t<\/div>\n\t\t\t\t<div class=\"elementor-element elementor-element-8a0fe9b elementor-icon-list--layout-traditional elementor-list-item-link-full_width elementor-widget elementor-widget-icon-list\" data-id=\"8a0fe9b\" data-element_type=\"widget\" data-widget_type=\"icon-list.default\">\n\t\t\t\t<div class=\"elementor-widget-container\">\n\t\t\t\t\t<ul class=\"elementor-icon-list-items\">\n\t\t\t\t\t\t\t<li class=\"elementor-icon-list-item\">\n\t\t\t\t\t\t\t\t\t\t\t<a href=\"Tel:+905010710110\" target=\"_blank\" class=\"telefon_iletisim\">\n\n\t\t\t\t\t\t\t\t\t\t\t\t<span class=\"elementor-icon-list-icon\">\n\t\t\t\t\t\t\t<svg aria-hidden=\"true\" class=\"e-font-icon-svg e-fas-phone-square-alt\" viewbox=\"0 0 448 512\" xmlns=\"http:\/\/www.w3.org\/2000\/svg\"><path d=\"M400 32H48A48 48 0 0 0 0 80v352a48 48 0 0 0 48 48h352a48 48 0 0 0 48-48V80a48 48 0 0 0-48-48zm-16.39 307.37l-15 65A15 15 0 0 1 354 416C194 416 64 286.29 64 126a15.7 15.7 0 0 1 11.63-14.61l65-15A18.23 18.23 0 0 1 144 96a16.27 16.27 0 0 1 13.79 9.09l30 70A17.9 17.9 0 0 1 189 181a17 17 0 0 1-5.5 11.61l-37.89 31a231.91 231.91 0 0 0 110.78 110.78l31-37.89A17 17 0 0 1 299 291a17.85 17.85 0 0 1 5.91 1.21l70 30A16.25 16.25 0 0 1 384 336a17.41 17.41 0 0 1-.39 3.37z\"><\/path><\/svg>\t\t\t\t\t\t<\/span>\n\t\t\t\t\t\t\t\t\t\t<span class=\"elementor-icon-list-text\">0501 071 0110<\/span>\n\t\t\t\t\t\t\t\t\t\t\t<\/a>\n\t\t\t\t\t\t\t\t\t<\/li>\n\t\t\t\t\t\t\t\t<li class=\"elementor-icon-list-item\">\n\t\t\t\t\t\t\t\t\t\t\t<a href=\"https:\/\/wa.me\/905334242729\" target=\"_blank\" class=\"whatsapp_iletisim\" rel=\"noopener\">\n\n\t\t\t\t\t\t\t\t\t\t\t\t<span class=\"elementor-icon-list-icon\">\n\t\t\t\t\t\t\t<svg aria-hidden=\"true\" class=\"e-font-icon-svg e-fab-whatsapp-square\" viewbox=\"0 0 448 512\" xmlns=\"http:\/\/www.w3.org\/2000\/svg\"><path d=\"M224 122.8c-72.7 0-131.8 59.1-131.9 131.8 0 24.9 7 49.2 20.2 70.1l3.1 5-13.3 48.6 49.9-13.1 4.8 2.9c20.2 12 43.4 18.4 67.1 18.4h.1c72.6 0 133.3-59.1 133.3-131.8 0-35.2-15.2-68.3-40.1-93.2-25-25-58-38.7-93.2-38.7zm77.5 188.4c-3.3 9.3-19.1 17.7-26.7 18.8-12.6 1.9-22.4.9-47.5-9.9-39.7-17.2-65.7-57.2-67.7-59.8-2-2.6-16.2-21.5-16.2-41s10.2-29.1 13.9-33.1c3.6-4 7.9-5 10.6-5 2.6 0 5.3 0 7.6.1 2.4.1 5.7-.9 8.9 6.8 3.3 7.9 11.2 27.4 12.2 29.4s1.7 4.3.3 6.9c-7.6 15.2-15.7 14.6-11.6 21.6 15.3 26.3 30.6 35.4 53.9 47.1 4 2 6.3 1.7 8.6-1 2.3-2.6 9.9-11.6 12.5-15.5 2.6-4 5.3-3.3 8.9-2 3.6 1.3 23.1 10.9 27.1 12.9s6.6 3 7.6 4.6c.9 1.9.9 9.9-2.4 19.1zM400 32H48C21.5 32 0 53.5 0 80v352c0 26.5 21.5 48 48 48h352c26.5 0 48-21.5 48-48V80c0-26.5-21.5-48-48-48zM223.9 413.2c-26.6 0-52.7-6.7-75.8-19.3L64 416l22.5-82.2c-13.9-24-21.2-51.3-21.2-79.3C65.4 167.1 136.5 96 223.9 96c42.4 0 82.2 16.5 112.2 46.5 29.9 30 47.9 69.8 47.9 112.2 0 87.4-72.7 158.5-160.1 158.5z\"><\/path><\/svg>\t\t\t\t\t\t<\/span>\n\t\t\t\t\t\t\t\t\t\t<span class=\"elementor-icon-list-text\">Click Send Message!<\/span>\n\t\t\t\t\t\t\t\t\t\t\t<\/a>\n\t\t\t\t\t\t\t\t\t<\/li>\n\t\t\t\t\t\t\t\t<li class=\"elementor-icon-list-item\">\n\t\t\t\t\t\t\t\t\t\t\t<a href=\"https:\/\/maps.app.goo.gl\/DWvhdXN2ysoh3ppM6\" target=\"_blank\" rel=\"noopener\">\n\n\t\t\t\t\t\t\t\t\t\t\t\t<span class=\"elementor-icon-list-icon\">\n\t\t\t\t\t\t\t<svg aria-hidden=\"true\" class=\"e-font-icon-svg e-fas-map-marked-alt\" viewbox=\"0 0 576 512\" xmlns=\"http:\/\/www.w3.org\/2000\/svg\"><path d=\"M288 0c-69.59 0-126 56.41-126 126 0 56.26 82.35 158.8 113.9 196.02 6.39 7.54 17.82 7.54 24.2 0C331.65 284.8 414 182.26 414 126 414 56.41 357.59 0 288 0zm0 168c-23.2 0-42-18.8-42-42s18.8-42 42-42 42 18.8 42 42-18.8 42-42 42zM20.12 215.95A32.006 32.006 0 0 0 0 245.66v250.32c0 11.32 11.43 19.06 21.94 14.86L160 448V214.92c-8.84-15.98-16.07-31.54-21.25-46.42L20.12 215.95zM288 359.67c-14.07 0-27.38-6.18-36.51-16.96-19.66-23.2-40.57-49.62-59.49-76.72v182l192 64V266c-18.92 27.09-39.82 53.52-59.49 76.72-9.13 10.77-22.44 16.95-36.51 16.95zm266.06-198.51L416 224v288l139.88-55.95A31.996 31.996 0 0 0 576 426.34V176.02c0-11.32-11.43-19.06-21.94-14.86z\"><\/path><\/svg>\t\t\t\t\t\t<\/span>\n\t\t\t\t\t\t\t\t\t\t<span class=\"elementor-icon-list-text\">Section neighborhood Cobancesme E-5 Side Road, Atakoy Towers A Block No:20\/1 K:15 D:182 Bakirkoy - Istanbul<\/span>\n\t\t\t\t\t\t\t\t\t\t\t<\/a>\n\t\t\t\t\t\t\t\t\t<\/li>\n\t\t\t\t\t\t<\/ul>\n\t\t\t\t<\/div>\n\t\t\t\t<\/div>\n\t\t\t\t<\/div>\n\t\t\t\t<\/div>\n\t\t<div class=\"elementor-element elementor-element-318569e e-con-full e-flex e-con e-child\" data-id=\"318569e\" data-element_type=\"container\">\n\t\t\t\t<div class=\"elementor-element elementor-element-70936ec elementor-widget elementor-widget-text-editor\" data-id=\"70936ec\" data-element_type=\"widget\" data-widget_type=\"text-editor.default\">\n\t\t\t\t<div class=\"elementor-widget-container\">\n\t\t\t\t\t\t\t<p><img fetchpriority=\"high\" decoding=\"async\" class=\"alignnone wp-image-7064 size-full\" src=\"https:\/\/fundaakoz.com\/wp-content\/uploads\/2024\/09\/goz-kapagi-estetigi.jpg\" alt=\"eyelid aesthetics\" width=\"806\" height=\"400\" srcset=\"https:\/\/fundaakoz.com\/wp-content\/uploads\/2024\/09\/goz-kapagi-estetigi.jpg 806w, https:\/\/fundaakoz.com\/wp-content\/uploads\/2024\/09\/goz-kapagi-estetigi-300x149.jpg 300w, https:\/\/fundaakoz.com\/wp-content\/uploads\/2024\/09\/goz-kapagi-estetigi-768x381.jpg 768w\" sizes=\"(max-width: 806px) 100vw, 806px\" \/><\/p><h2 data-block-id=\"0de32757-92f2-4c4d-998a-278541818ebc\" data-pm-slice=\"1 3 []\">What is Eyelid Aesthetics?<\/h2><p data-block-id=\"3cee4ff2-2483-4505-9bbe-2f2866d61c43\">Eyelid surgery is a cosmetic surgery that involves removing excess skin, fat, and muscle tissue from the upper and lower eyelids. This procedure aims to eliminate sagging and bags around the eyes, providing a more youthful and dynamic appearance. Eyelid surgery can also eliminate excess skin that narrows the field of vision. This provides both aesthetic and functional benefits. The surgery is usually performed under local anesthesia, and the recovery process takes several weeks. The results revitalize the patient&#039;s facial expression and improve their overall appearance.<\/p><h3 data-block-id=\"8c73e254-9d1d-434d-9ff6-670af5c12f3b\">How is Eyelid Aesthetics Performed?<\/h3><ul data-block-id=\"095890f3-518b-411e-9454-add2f0d86ed5\"><li><p data-block-id=\"69cfd045-1017-4f80-8104-a2e7bfd64ceb\">During the preoperative process, the surgeon evaluates the patient&#039;s medical history and expectations. The patient&#039;s eyelid structure is examined and the details of the surgery are planned. Eyelid aesthetics can be done for both aesthetic and functional reasons. Therefore, it is personalized according to the patient&#039;s needs.<\/p><\/li><li><p data-block-id=\"ee3ff0d7-fc33-4b57-a92a-7709f5ae0953\">On the day of surgery, local anesthesia and sedation are usually used. This ensures that the patient is comfortable and pain-free throughout the surgery. In some cases, general anesthesia may be preferred.<\/p><\/li><li><p data-block-id=\"466e4670-9de0-464d-aa8a-b216cc3e5e7a\">In upper eyelid surgery, the surgeon makes an incision in the natural eyelid crease. In lower eyelid surgery, the incision can be made just below the eyelashes or on the inside of the lower eyelid. These incisions minimize post-operative scars.<\/p><\/li><li><p data-block-id=\"8d2ed7aa-96e2-43b1-bc03-42703c31affc\">After the incisions, the surgeon carefully removes or rearranges excess skin, fat, and muscle tissue. Sagging upper eyelids are corrected, while bags and puffiness in the lower eyelids are corrected.<\/p><\/li><li><p data-block-id=\"0743a37b-adf5-4770-befe-4b792bd9beb2\">The surgeon closes the incisions with fine stitches or skin adhesives. These stitches are removed within a few days after surgery or dissolve on their own. The incisions are closed in a way that leaves minimal scarring.<\/p><\/li><li><p data-block-id=\"b8d08e83-33c3-4d5f-bbed-582cd0790753\">After the surgery, swelling and bruising may occur on the eyelids. This will subside within a few days. The surgeon will recommend the patient to apply cold compresses and keep the head elevated.<\/p><\/li><\/ul><p><img decoding=\"async\" class=\"alignnone wp-image-7066 size-full\" src=\"https:\/\/fundaakoz.com\/wp-content\/uploads\/2024\/09\/goz-estetigi-1.jpg\" alt=\"eye aesthetics\" width=\"806\" height=\"350\" srcset=\"https:\/\/fundaakoz.com\/wp-content\/uploads\/2024\/09\/goz-estetigi-1.jpg 806w, https:\/\/fundaakoz.com\/wp-content\/uploads\/2024\/09\/goz-estetigi-1-300x130.jpg 300w, https:\/\/fundaakoz.com\/wp-content\/uploads\/2024\/09\/goz-estetigi-1-768x333.jpg 768w\" sizes=\"(max-width: 806px) 100vw, 806px\" \/><\/p><h4 data-block-id=\"59e8ebd7-36fc-4ddf-bc08-6844f15bd2e5\">How Long Does Eyelid Aesthetics Take?<\/h4><p data-block-id=\"723aea1e-d5f4-4274-bc6a-1676ad63be43\">Eyelid surgery is a surgical procedure that usually takes between 1 and 3 hours. The duration of the surgery may vary depending on the extent of the procedure and the patient&#039;s specific needs. Upper eyelid surgery is completed in a shorter time. Lower eyelid surgery or cases where both eyelids are performed at the same time may take longer. The surgery is performed under local anesthesia and sedation. However, in some cases, general anesthesia may be preferred. The recovery process after surgery may take several weeks. The patient can return to their full daily activities within 1 to 2 weeks. Full recovery and final results may take several months.<\/p><h2 data-block-id=\"f0bd8e8c-73c3-40d8-979a-360b71fd58f3\">The Recovery Process After Eyelid Aesthetics<\/h2><ul data-block-id=\"61de8264-172c-4bc7-a1d8-44fdc6f9331a\"><li><p data-block-id=\"f8615757-786b-429c-afa9-4397e2a03244\">It is normal for the eyelids to be swollen and bruised immediately after surgery. Resting, keeping your head elevated, and applying cold compresses for the first few days will help reduce swelling and bruising. You may experience discomfort and mild pain in your eyes, but painkillers prescribed by your doctor will help relieve this.<\/p><\/li><li><p data-block-id=\"dbfa547c-1382-43bc-a099-4d8a2351c950\">During the first week, you should avoid activities that strain your eyes. Activities such as computer use, reading, and watching television should be limited.<\/p><\/li><li><p data-block-id=\"34b5bc25-09ff-461c-b6a6-cfc40e5e57e7\">Swelling and bruising will greatly decrease within 2-3 weeks after surgery. During this time, low-impact activities such as light walking can be done. It is important to wear sunglasses to protect your eyes from the sun.<\/p><\/li><li><p data-block-id=\"2b0c8797-0428-4cbb-9cb3-b961428e5883\">One month after surgery, the eyelids begin to take on a more natural appearance. The full recovery process may vary from person to person, but is usually completed within 1 to 3 months. During this time, the surgical scars begin to fade and the final results become apparent.<\/p><\/li><\/ul>\t\t\t\t\t\t<\/div>\n\t\t\t\t<\/div>\n\t\t<div class=\"elementor-element elementor-element-54bc000 e-con-full e-flex e-con e-child\" data-id=\"54bc000\" data-element_type=\"container\">\n\t\t<div class=\"elementor-element elementor-element-4a3aa8f e-con-full e-flex e-con e-child\" data-id=\"4a3aa8f\" data-element_type=\"container\">\n\t\t\t\t<div class=\"elementor-element elementor-element-5a1cb94 elementor-widget elementor-widget-html\" data-id=\"5a1cb94\" data-element_type=\"widget\" data-widget_type=\"html.default\">\n\t\t\t\t<div class=\"elementor-widget-container\">\n\t\t\t<!DOCTYPE html>\r\n<html lang=\"tr\">\r\n<head>\r\n    <meta charset=\"UTF-8\">\r\n    <meta name=\"viewport\" content=\"width=device-width, initial-scale=1.0\">\r\n    <title>Professional FAQ Design<\/title>\r\n    \r\n<\/head>\r\n<body>\r\n    <div class=\"faq-container\">\r\n        <div class=\"faq-title\">Frequently Asked Questions<\/div>\r\n        <div class=\"faq-item active\">\r\n            <div class=\"faq-question\">1. Is eyelid surgery painful?  <\/div>\r\n            <div class=\"faq-answer\">It is normal to feel mild pain and discomfort after surgery. However, this can be controlled with painkillers recommended by the doctor.<\/div>\r\n        <\/div>\r\n        <div class=\"faq-item\">\r\n            <div class=\"faq-question\">2. How long do I need to stay in the hospital after eyelid surgery?  <\/div>\r\n            <div class=\"faq-answer\">Usually, patients are discharged on the same day after eyelid surgery.<\/div>\r\n        <\/div>\r\n          <div class=\"faq-item\">\r\n            <div class=\"faq-question\">3. When can I return to my normal activities after surgery? <\/div>\r\n            <div class=\"faq-answer\">Light daily activities can be resumed within a week, but intense physical activity should be avoided for 2-3 weeks.<\/div>\r\n        <\/div>\r\n        <div class=\"faq-item\">\r\n            <div class=\"faq-question\">4. How permanent are the results of eyelid surgery? <\/div>\r\n            <div class=\"faq-answer\">Results are usually long-lasting, but as the aging process continues, changes may occur around the eyes over time. A healthy lifestyle and skin care can help increase the longevity of results.<\/div>\r\n        <\/div>\r\n      \r\n    <\/div>\r\n\r\n    <script>\r\n        document.querySelectorAll('.faq-question').forEach(item => {\r\n            item.addEventListener('click', () => {\r\n                const parent = item.parentElement;\r\n                parent.classList.toggle('active');\r\n            });\r\n        });\r\n    <\/script>\r\n<\/body>\r\n<\/html>\r\n\t\t<\/div>\n\t\t\t\t<\/div>\n\t\t\t\t<\/div>\n\t\t<div class=\"elementor-element elementor-element-ab2caf6 e-con-full e-flex e-con e-child\" data-id=\"ab2caf6\" data-element_type=\"container\">\n\t\t\t\t<div class=\"elementor-element elementor-element-5411275 elementor-widget elementor-widget-image\" data-id=\"5411275\" data-element_type=\"widget\" data-widget_type=\"image.default\">\n\t\t\t\t<div class=\"elementor-widget-container\">\n\t\t\t\t\t\t\t\t\t\t\t\t\t<img decoding=\"async\" width=\"288\" height=\"590\" src=\"https:\/\/fundaakoz.com\/wp-content\/uploads\/2024\/09\/goz-kapagi-estetigi-ameliyati.jpg\" class=\"attachment-full size-full wp-image-7070\" alt=\"eyelid aesthetic surgery\" srcset=\"https:\/\/fundaakoz.com\/wp-content\/uploads\/2024\/09\/goz-kapagi-estetigi-ameliyati.jpg 288w, https:\/\/fundaakoz.com\/wp-content\/uploads\/2024\/09\/goz-kapagi-estetigi-ameliyati-146x300.jpg 146w\" sizes=\"(max-width: 288px) 100vw, 288px\" \/>\t\t\t\t\t\t\t\t\t\t\t\t\t<\/div>\n\t\t\t\t<\/div>\n\t\t\t\t<\/div>\n\t\t\t\t<\/div>\n\t\t\t\t<\/div>\n\t\t\t\t<\/div>\n\t\t\t\t<\/div>","protected":false},"excerpt":{"rendered":"<p>All Treatments Rhinoplasty Facial Aesthetics Eyelid Aesthetics Breast Aesthetics Abdominoplasty Filling Applications Humberger Toggle Menu Contact Information 0501 071 0110 Click Send Message! K\u0131s\u0131m mah. \u00c7oban\u00e7e\u015fme E-5 Yan Yol, Atak\u00f6y Towers A Blok No:20\/1 K:15 D:182 Bak\u0131rk\u00f6y \u2013 \u0130stanbul What is Eyelid Aesthetics? Eyelid aesthetics is the treatment of excess skin on the upper and lower eyelids\u2026<\/p>","protected":false},"author":1,"featured_media":0,"parent":0,"menu_order":0,"comment_status":"closed","ping_status":"closed","template":"","meta":{"footnotes":""},"class_list":["post-4749","page","type-page","status-publish","hentry"],"_links":{"self":[{"href":"https:\/\/fundaakoz.com\/en\/wp-json\/wp\/v2\/pages\/4749"}],"collection":[{"href":"https:\/\/fundaakoz.com\/en\/wp-json\/wp\/v2\/pages"}],"about":[{"href":"https:\/\/fundaakoz.com\/en\/wp-json\/wp\/v2\/types\/page"}],"author":[{"embeddable":true,"href":"https:\/\/fundaakoz.com\/en\/wp-json\/wp\/v2\/users\/1"}],"replies":[{"embeddable":true,"href":"https:\/\/fundaakoz.com\/en\/wp-json\/wp\/v2\/comments?post=4749"}],"version-history":[{"count":0,"href":"https:\/\/fundaakoz.com\/en\/wp-json\/wp\/v2\/pages\/4749\/revisions"}],"wp:attachment":[{"href":"https:\/\/fundaakoz.com\/en\/wp-json\/wp\/v2\/media?parent=4749"}],"curies":[{"name":"wp","href":"https:\/\/api.w.org\/{rel}","templated":true}]}}