{"id":4772,"date":"2024-06-22T13:32:38","date_gmt":"2024-06-22T10:32:38","guid":{"rendered":"https:\/\/fundaakoz.com\/?page_id=4772"},"modified":"2024-09-26T18:01:44","modified_gmt":"2024-09-26T15:01:44","slug":"abdominoplasty","status":"publish","type":"page","link":"https:\/\/fundaakoz.com\/en\/abdominoplasty\/","title":{"rendered":"Abdominoplasty"},"content":{"rendered":"<div data-elementor-type=\"wp-page\" data-elementor-id=\"4772\" class=\"elementor elementor-4772\">\n\t\t\t\t<div class=\"elementor-element elementor-element-be1e06b e-con-full e-flex e-con e-parent\" data-id=\"be1e06b\" data-element_type=\"container\">\n\t\t<div class=\"elementor-element elementor-element-45fa6cb e-con-full e-flex e-con e-child\" data-id=\"45fa6cb\" data-element_type=\"container\">\n\t\t\t\t<div class=\"elementor-element elementor-element-02274a3 elementor-widget elementor-widget-heading\" data-id=\"02274a3\" data-element_type=\"widget\" data-widget_type=\"heading.default\">\n\t\t\t\t<div class=\"elementor-widget-container\">\n\t\t\t<h4 class=\"elementor-heading-title elementor-size-default\">All Treatments<\/h4>\t\t<\/div>\n\t\t\t\t<\/div>\n\t\t\t\t<div class=\"elementor-element elementor-element-354e249 eael-hamburger--none elementor-widget elementor-widget-eael-simple-menu\" data-id=\"354e249\" data-element_type=\"widget\" data-widget_type=\"eael-simple-menu.default\">\n\t\t\t\t<div class=\"elementor-widget-container\">\n\t\t\t            <div data-hamburger-icon=\"&lt;svg aria-hidden=&quot;true&quot; class=&quot;e-font-icon-svg e-fas-bars&quot; viewBox=&quot;0 0 448 512&quot; xmlns=&quot;http:\/\/www.w3.org\/2000\/svg&quot;&gt;&lt;path d=&quot;M16 132h416c8.837 0 16-7.163 16-16V76c0-8.837-7.163-16-16-16H16C7.163 60 0 67.163 0 76v40c0 8.837 7.163 16 16 16zm0 160h416c8.837 0 16-7.163 16-16v-40c0-8.837-7.163-16-16-16H16c-8.837 0-16 7.163-16 16v40c0 8.837 7.163 16 16 16zm0 160h416c8.837 0 16-7.163 16-16v-40c0-8.837-7.163-16-16-16H16c-8.837 0-16 7.163-16 16v40c0 8.837 7.163 16 16 16z&quot;&gt;&lt;\/path&gt;&lt;\/svg&gt;\" data-indicator-icon=\"\" data-dropdown-indicator-icon=\"&lt;svg class=&quot;e-font-icon-svg e-fas-angle-down&quot; viewBox=&quot;0 0 320 512&quot; xmlns=&quot;http:\/\/www.w3.org\/2000\/svg&quot;&gt;&lt;path d=&quot;M143 352.3L7 216.3c-9.4-9.4-9.4-24.6 0-33.9l22.6-22.6c9.4-9.4 24.6-9.4 33.9 0l96.4 96.4 96.4-96.4c9.4-9.4 24.6-9.4 33.9 0l22.6 22.6c9.4 9.4 9.4 24.6 0 33.9l-136 136c-9.2 9.4-24.4 9.4-33.8 0z&quot;&gt;&lt;\/path&gt;&lt;\/svg&gt;\" class=\"eael-simple-menu-container eael-simple-menu-align-left eael-simple-menu-dropdown-align-left preset-1\" data-hamburger-breakpoints=\"{&quot;mobile&quot;:&quot;Mobile Portrait (&gt; 767px)&quot;,&quot;tablet&quot;:&quot;Tablet Portrait (&gt; 1024px)&quot;,&quot;desktop&quot;:&quot;Desktop (&gt; 2400px)&quot;,&quot;none&quot;:&quot;None&quot;}\" data-hamburger-device=\"none\">\n                <ul id=\"menu-tedaviler\" class=\"eael-simple-menu eael-simple-menu-dropdown-animate-to-top eael-simple-menu-indicator eael-simple-menu-vertical\"><li id=\"menu-item-5224\" class=\"menu-item menu-item-type-post_type menu-item-object-page menu-item-5224\"><a href=\"https:\/\/fundaakoz.com\/en\/rhinoplasty\/\">Rhinoplasty<\/a><\/li>\n<li id=\"menu-item-5229\" class=\"menu-item menu-item-type-post_type menu-item-object-page menu-item-5229\"><a href=\"https:\/\/fundaakoz.com\/en\/facial-aesthetics\/\">Facial Aesthetics<\/a><\/li>\n<li id=\"menu-item-7183\" class=\"menu-item menu-item-type-post_type menu-item-object-page menu-item-7183\"><a href=\"https:\/\/fundaakoz.com\/en\/lip-aesthetics-lip-lifting\/\">Lip Aesthetics<\/a><\/li>\n<li id=\"menu-item-5226\" class=\"menu-item menu-item-type-post_type menu-item-object-page menu-item-5226\"><a href=\"https:\/\/fundaakoz.com\/en\/eyelid-aesthetics\/\">Eyelid Aesthetics<\/a><\/li>\n<li id=\"menu-item-7182\" class=\"menu-item menu-item-type-post_type menu-item-object-page menu-item-7182\"><a href=\"https:\/\/fundaakoz.com\/en\/bisectomy-cheek-aesthetics\/\">Bishectomy<\/a><\/li>\n<li id=\"menu-item-5228\" class=\"menu-item menu-item-type-post_type menu-item-object-page menu-item-5228\"><a href=\"https:\/\/fundaakoz.com\/en\/breast-aesthetics\/\">Breast Aesthetics<\/a><\/li>\n<li id=\"menu-item-5227\" class=\"menu-item menu-item-type-post_type menu-item-object-page menu-item-5227\"><a href=\"https:\/\/fundaakoz.com\/en\/abdominoplasty\/\">Abdominoplasty<\/a><\/li>\n<li id=\"menu-item-7181\" class=\"menu-item menu-item-type-post_type menu-item-object-page menu-item-7181\"><a href=\"https:\/\/fundaakoz.com\/en\/mommy-aesthetics-mommy-makeover\/\">Mommy Makeover<\/a><\/li>\n<li id=\"menu-item-7184\" class=\"menu-item menu-item-type-post_type menu-item-object-page menu-item-7184\"><a href=\"https:\/\/fundaakoz.com\/en\/liposuction\/\">Liposuction<\/a><\/li>\n<li id=\"menu-item-7185\" class=\"menu-item menu-item-type-post_type menu-item-object-page menu-item-7185\"><a href=\"https:\/\/fundaakoz.com\/en\/butt-aesthetic-bbl\/\">Butt Aesthetics (BBL)<\/a><\/li>\n<\/ul>                <button class=\"eael-simple-menu-toggle\">\n                    <span class=\"sr-only\">Humberger Toggle Menu<\/span>\n                    <svg aria-hidden=\"true\" class=\"e-font-icon-svg e-fas-bars\" viewbox=\"0 0 448 512\" xmlns=\"http:\/\/www.w3.org\/2000\/svg\"><path d=\"M16 132h416c8.837 0 16-7.163 16-16V76c0-8.837-7.163-16-16-16H16C7.163 60 0 67.163 0 76v40c0 8.837 7.163 16 16 16zm0 160h416c8.837 0 16-7.163 16-16v-40c0-8.837-7.163-16-16-16H16c-8.837 0-16 7.163-16 16v40c0 8.837 7.163 16 16 16zm0 160h416c8.837 0 16-7.163 16-16v-40c0-8.837-7.163-16-16-16H16c-8.837 0-16 7.163-16 16v40c0 8.837 7.163 16 16 16z\"><\/path><\/svg>                <\/button>\n            <\/div>\n            \t\t<\/div>\n\t\t\t\t<\/div>\n\t\t<div class=\"elementor-element elementor-element-a790509 e-con-full e-flex e-con e-child\" data-id=\"a790509\" data-element_type=\"container\" data-settings=\"{&quot;background_background&quot;:&quot;classic&quot;}\">\n\t\t\t\t<div class=\"elementor-element elementor-element-f23f43c elementor-widget elementor-widget-heading\" data-id=\"f23f43c\" data-element_type=\"widget\" data-widget_type=\"heading.default\">\n\t\t\t\t<div class=\"elementor-widget-container\">\n\t\t\t<h4 class=\"elementor-heading-title elementor-size-default\">Contact Information<\/h4>\t\t<\/div>\n\t\t\t\t<\/div>\n\t\t\t\t<div class=\"elementor-element elementor-element-5bbcdd1 elementor-icon-list--layout-traditional elementor-list-item-link-full_width elementor-widget elementor-widget-icon-list\" data-id=\"5bbcdd1\" data-element_type=\"widget\" data-widget_type=\"icon-list.default\">\n\t\t\t\t<div class=\"elementor-widget-container\">\n\t\t\t\t\t<ul class=\"elementor-icon-list-items\">\n\t\t\t\t\t\t\t<li class=\"elementor-icon-list-item\">\n\t\t\t\t\t\t\t\t\t\t\t<a href=\"Tel:+905010710110\" target=\"_blank\" class=\"telefon_iletisim\">\n\n\t\t\t\t\t\t\t\t\t\t\t\t<span class=\"elementor-icon-list-icon\">\n\t\t\t\t\t\t\t<svg aria-hidden=\"true\" class=\"e-font-icon-svg e-fas-phone-square-alt\" viewbox=\"0 0 448 512\" xmlns=\"http:\/\/www.w3.org\/2000\/svg\"><path d=\"M400 32H48A48 48 0 0 0 0 80v352a48 48 0 0 0 48 48h352a48 48 0 0 0 48-48V80a48 48 0 0 0-48-48zm-16.39 307.37l-15 65A15 15 0 0 1 354 416C194 416 64 286.29 64 126a15.7 15.7 0 0 1 11.63-14.61l65-15A18.23 18.23 0 0 1 144 96a16.27 16.27 0 0 1 13.79 9.09l30 70A17.9 17.9 0 0 1 189 181a17 17 0 0 1-5.5 11.61l-37.89 31a231.91 231.91 0 0 0 110.78 110.78l31-37.89A17 17 0 0 1 299 291a17.85 17.85 0 0 1 5.91 1.21l70 30A16.25 16.25 0 0 1 384 336a17.41 17.41 0 0 1-.39 3.37z\"><\/path><\/svg>\t\t\t\t\t\t<\/span>\n\t\t\t\t\t\t\t\t\t\t<span class=\"elementor-icon-list-text\">0501 071 0110<\/span>\n\t\t\t\t\t\t\t\t\t\t\t<\/a>\n\t\t\t\t\t\t\t\t\t<\/li>\n\t\t\t\t\t\t\t\t<li class=\"elementor-icon-list-item\">\n\t\t\t\t\t\t\t\t\t\t\t<a href=\"https:\/\/wa.me\/905334242729\" target=\"_blank\" class=\"whatsapp_iletisim\" rel=\"noopener\">\n\n\t\t\t\t\t\t\t\t\t\t\t\t<span class=\"elementor-icon-list-icon\">\n\t\t\t\t\t\t\t<svg aria-hidden=\"true\" class=\"e-font-icon-svg e-fab-whatsapp-square\" viewbox=\"0 0 448 512\" xmlns=\"http:\/\/www.w3.org\/2000\/svg\"><path d=\"M224 122.8c-72.7 0-131.8 59.1-131.9 131.8 0 24.9 7 49.2 20.2 70.1l3.1 5-13.3 48.6 49.9-13.1 4.8 2.9c20.2 12 43.4 18.4 67.1 18.4h.1c72.6 0 133.3-59.1 133.3-131.8 0-35.2-15.2-68.3-40.1-93.2-25-25-58-38.7-93.2-38.7zm77.5 188.4c-3.3 9.3-19.1 17.7-26.7 18.8-12.6 1.9-22.4.9-47.5-9.9-39.7-17.2-65.7-57.2-67.7-59.8-2-2.6-16.2-21.5-16.2-41s10.2-29.1 13.9-33.1c3.6-4 7.9-5 10.6-5 2.6 0 5.3 0 7.6.1 2.4.1 5.7-.9 8.9 6.8 3.3 7.9 11.2 27.4 12.2 29.4s1.7 4.3.3 6.9c-7.6 15.2-15.7 14.6-11.6 21.6 15.3 26.3 30.6 35.4 53.9 47.1 4 2 6.3 1.7 8.6-1 2.3-2.6 9.9-11.6 12.5-15.5 2.6-4 5.3-3.3 8.9-2 3.6 1.3 23.1 10.9 27.1 12.9s6.6 3 7.6 4.6c.9 1.9.9 9.9-2.4 19.1zM400 32H48C21.5 32 0 53.5 0 80v352c0 26.5 21.5 48 48 48h352c26.5 0 48-21.5 48-48V80c0-26.5-21.5-48-48-48zM223.9 413.2c-26.6 0-52.7-6.7-75.8-19.3L64 416l22.5-82.2c-13.9-24-21.2-51.3-21.2-79.3C65.4 167.1 136.5 96 223.9 96c42.4 0 82.2 16.5 112.2 46.5 29.9 30 47.9 69.8 47.9 112.2 0 87.4-72.7 158.5-160.1 158.5z\"><\/path><\/svg>\t\t\t\t\t\t<\/span>\n\t\t\t\t\t\t\t\t\t\t<span class=\"elementor-icon-list-text\">Click Send Message!<\/span>\n\t\t\t\t\t\t\t\t\t\t\t<\/a>\n\t\t\t\t\t\t\t\t\t<\/li>\n\t\t\t\t\t\t\t\t<li class=\"elementor-icon-list-item\">\n\t\t\t\t\t\t\t\t\t\t\t<a href=\"https:\/\/maps.app.goo.gl\/DWvhdXN2ysoh3ppM6\" target=\"_blank\" rel=\"noopener\">\n\n\t\t\t\t\t\t\t\t\t\t\t\t<span class=\"elementor-icon-list-icon\">\n\t\t\t\t\t\t\t<svg aria-hidden=\"true\" class=\"e-font-icon-svg e-fas-map-marked-alt\" viewbox=\"0 0 576 512\" xmlns=\"http:\/\/www.w3.org\/2000\/svg\"><path d=\"M288 0c-69.59 0-126 56.41-126 126 0 56.26 82.35 158.8 113.9 196.02 6.39 7.54 17.82 7.54 24.2 0C331.65 284.8 414 182.26 414 126 414 56.41 357.59 0 288 0zm0 168c-23.2 0-42-18.8-42-42s18.8-42 42-42 42 18.8 42 42-18.8 42-42 42zM20.12 215.95A32.006 32.006 0 0 0 0 245.66v250.32c0 11.32 11.43 19.06 21.94 14.86L160 448V214.92c-8.84-15.98-16.07-31.54-21.25-46.42L20.12 215.95zM288 359.67c-14.07 0-27.38-6.18-36.51-16.96-19.66-23.2-40.57-49.62-59.49-76.72v182l192 64V266c-18.92 27.09-39.82 53.52-59.49 76.72-9.13 10.77-22.44 16.95-36.51 16.95zm266.06-198.51L416 224v288l139.88-55.95A31.996 31.996 0 0 0 576 426.34V176.02c0-11.32-11.43-19.06-21.94-14.86z\"><\/path><\/svg>\t\t\t\t\t\t<\/span>\n\t\t\t\t\t\t\t\t\t\t<span class=\"elementor-icon-list-text\">Section neighborhood Cobancesme E-5 Side Road, Atakoy Towers A Block No:20\/1 K:15 D:182 Bakirkoy - Istanbul<\/span>\n\t\t\t\t\t\t\t\t\t\t\t<\/a>\n\t\t\t\t\t\t\t\t\t<\/li>\n\t\t\t\t\t\t<\/ul>\n\t\t\t\t<\/div>\n\t\t\t\t<\/div>\n\t\t\t\t<\/div>\n\t\t\t\t<\/div>\n\t\t<div class=\"elementor-element elementor-element-def4844 e-con-full e-flex e-con e-child\" data-id=\"def4844\" data-element_type=\"container\">\n\t\t\t\t<div class=\"elementor-element elementor-element-63e0cf5 elementor-widget elementor-widget-text-editor\" data-id=\"63e0cf5\" data-element_type=\"widget\" data-widget_type=\"text-editor.default\">\n\t\t\t\t<div class=\"elementor-widget-container\">\n\t\t\t\t\t\t\t<p><img fetchpriority=\"high\" decoding=\"async\" class=\"alignnone wp-image-7085 size-full\" src=\"https:\/\/fundaakoz.com\/wp-content\/uploads\/2024\/09\/karin-estetigi.jpg\" alt=\"Abdominoplasty\" width=\"806\" height=\"400\" srcset=\"https:\/\/fundaakoz.com\/wp-content\/uploads\/2024\/09\/karin-estetigi.jpg 806w, https:\/\/fundaakoz.com\/wp-content\/uploads\/2024\/09\/karin-estetigi-300x149.jpg 300w, https:\/\/fundaakoz.com\/wp-content\/uploads\/2024\/09\/karin-estetigi-768x381.jpg 768w\" sizes=\"(max-width: 806px) 100vw, 806px\" \/><\/p><h2 data-block-id=\"fbe93791-2486-4f4d-be1b-887e7879e533\" data-pm-slice=\"1 3 []\">What is a Tummy Tuck?<\/h2><p data-block-id=\"a3212433-5c31-4460-ae62-52af3a6870be\">A tummy tuck is a surgical procedure that involves removing excess skin and fat from the abdomen and tightening the abdominal muscles. It is preferred by people who are pregnant, have excessive weight loss, or have sagging and looseness in the abdominal area. A tummy tuck aims to provide a flatter, tighter, and more aesthetically pleasing abdominal appearance. The surgery is performed under general anesthesia and the recovery process can take several weeks. The results are usually long-lasting and can increase the patient&#039;s self-confidence.<\/p><h3 data-block-id=\"559fcd5d-9faa-440f-abe2-d2066f9c3dc5\">How is a tummy tuck performed?<\/h3><ul data-block-id=\"1a6123f7-673c-451c-9def-5c5445ef3912\"><li><p data-block-id=\"4acb5737-0edf-47a1-8cd1-5fdcdaea5f0f\">Before surgery, the surgeon evaluates the patient&#039;s medical history and general health status. The surgery is planned by taking into account the patient&#039;s expectations and needs.<\/p><\/li><li><p data-block-id=\"cad527d6-eebd-492e-bb82-870b9ff1b89d\">On the day of the surgery, the patient is given general anesthesia. This ensures that the patient is asleep during the surgery and does not feel any pain. The anesthesiologist takes all necessary precautions to ensure the patient&#039;s safety and comfort.<\/p><\/li><li><p data-block-id=\"f1371243-cfe7-4931-b952-430b1cda02d4\">For tummy tuck surgery, the surgeon usually makes a horizontal incision in the lower abdomen, between the hip bones. This incision is planned to be within the underwear or bikini line.<\/p><\/li><li><p data-block-id=\"408a2794-9def-430c-a7b1-4489808f78ee\">After the incision, the surgeon exposes the abdominal muscles and tightens any loose or separated muscles with stitches. This procedure allows the abdominal wall to become flatter and firmer.<\/p><\/li><li><p data-block-id=\"44740a12-56c6-4c92-9c53-861151da51b9\">After the muscles are tightened, the surgeon removes excess skin and fatty tissue. The remaining skin is stretched to fit the abdominal muscles. If necessary, excess fatty tissue can also be removed with liposuction.<\/p><\/li><li><p data-block-id=\"1277708a-758d-4485-8b76-18f69a94934d\">In a full tummy tuck, the surgeon repositions the belly button to maintain its natural appearance. The new belly button is placed aesthetically over the tightened skin.<\/p><\/li><li><p data-block-id=\"d8257160-c028-4d27-8985-a577508a7c2d\">Finally, the surgeon closes the incisions using stitches, skin adhesives, or tape. Drainage tubes are placed in the surgical area to prevent excess fluid from accumulating and speed up the healing process.<\/p><\/li><\/ul><p><img decoding=\"async\" class=\"alignnone wp-image-7086 size-full\" src=\"https:\/\/fundaakoz.com\/wp-content\/uploads\/2024\/09\/karin-germe-estetigi-2.jpg\" alt=\"tummy tuck aesthetics\" width=\"806\" height=\"350\" srcset=\"https:\/\/fundaakoz.com\/wp-content\/uploads\/2024\/09\/karin-germe-estetigi-2.jpg 806w, https:\/\/fundaakoz.com\/wp-content\/uploads\/2024\/09\/karin-germe-estetigi-2-300x130.jpg 300w, https:\/\/fundaakoz.com\/wp-content\/uploads\/2024\/09\/karin-germe-estetigi-2-768x333.jpg 768w\" sizes=\"(max-width: 806px) 100vw, 806px\" \/><\/p><h4 data-block-id=\"63ba37c6-fea4-4146-b035-ceffe98ae3db\">How Long Does a Tummy Tuck Take?<\/h4><p data-block-id=\"601cb2c7-ae22-4078-9f77-2af952c3e568\">Abdominoplasty usually takes between 2 and 4 hours. The duration of the surgery may vary depending on the extent of the procedure and the patient&#039;s specific circumstances. The procedure is performed under general anesthesia, and the patient is kept comfortable throughout the surgery. After the surgery, the patient&#039;s condition is monitored and it is usually recommended that they stay in the hospital overnight. The initial recovery period lasts approximately 1-2 weeks, but full recovery and final results may take several months to appear.<\/p><h2 data-block-id=\"acf7764d-8517-4b9e-8167-19956269b1f7\">Recovery Process After Tummy Tuck<\/h2><ul data-block-id=\"62689fb8-b9dc-42d0-b43a-9d6660e9984f\"><li><p data-block-id=\"1782109a-8ba4-4c5b-a511-49ce49108791\">It is usually recommended to stay in the hospital overnight immediately following surgery. It is normal to experience pain, swelling, and bruising in the abdominal area for the first few days. Painkillers and antibiotics are prescribed to ease discomfort and reduce the risk of infection. Additionally, bandages and a supportive corset applied to the abdominal area support the healing process.<\/p><\/li><li><p data-block-id=\"4dd60d02-d892-4571-861e-da7b46d48efc\">Drainage tubes placed during surgery help drain excess fluid from the surgical site. These drains are usually removed within the first week after surgery. Care and proper use of drains are important to reduce the risk of infection.<\/p><\/li><li><p data-block-id=\"6ec0efb5-a005-40d0-bfb0-f3c5a8828aeb\">During the first week, the patient should take light walks to increase circulation and reduce the risk of blood clots. However, heavy lifting and intense physical activity should be avoided.<\/p><\/li><li><p data-block-id=\"82f6c64c-2ffc-49ea-b48a-c520615bbb76\">During the first month, the patient should use the support corset regularly. He\/she should continue to rest as recommended by the surgeon. As the swelling and bruising gradually decrease, the patient can slowly return to his\/her daily activities. However, intense exercises and movements that will strain the abdominal muscles should be avoided.<\/p><\/li><li><p data-block-id=\"feec390c-664c-4ed3-8108-414e8365f4fc\">The full recovery process is usually completed within 3 to 6 months. During this period, swelling completely subsides, surgical scars begin to fade, and the abdominal area takes its final shape. A healthy diet, drinking plenty of water, and keeping the skin moist can speed up the recovery process and increase the permanence of the results.<\/p><\/li><\/ul>\t\t\t\t\t\t<\/div>\n\t\t\t\t<\/div>\n\t\t<div class=\"elementor-element elementor-element-d2c87c7 e-con-full e-flex e-con e-child\" data-id=\"d2c87c7\" data-element_type=\"container\">\n\t\t<div class=\"elementor-element elementor-element-6bb0b8c e-con-full e-flex e-con e-child\" data-id=\"6bb0b8c\" data-element_type=\"container\">\n\t\t\t\t<div class=\"elementor-element elementor-element-a4f84e5 elementor-widget elementor-widget-html\" data-id=\"a4f84e5\" data-element_type=\"widget\" data-widget_type=\"html.default\">\n\t\t\t\t<div class=\"elementor-widget-container\">\n\t\t\t<!DOCTYPE html>\r\n<html lang=\"tr\">\r\n<head>\r\n    <meta charset=\"UTF-8\">\r\n    <meta name=\"viewport\" content=\"width=device-width, initial-scale=1.0\">\r\n    <title>Professional FAQ Design<\/title>\r\n\r\n<\/head>\r\n<body>\r\n    <div class=\"faq-container\">\r\n        <h3 class=\"faq-title\">Frequently Asked Questions<\/h3>\r\n        <div class=\"faq-item active\">\r\n            <div class=\"faq-question\">1. Is Tummy Tuck Surgery Painful?   <\/div>\r\n            <div class=\"faq-answer\">It is normal to feel mild pain and discomfort after surgery. However, this can be controlled with painkillers recommended by the doctor.<\/div>\r\n        <\/div>\r\n        <div class=\"faq-item\">\r\n            <div class=\"faq-question\">2. How Long Do I Need to Stay in the Hospital After a Tummy Tuck?   <\/div>\r\n            <div class=\"faq-answer\">It is generally recommended to stay in the hospital for one night after surgery.<\/div>\r\n        <\/div>\r\n          <div class=\"faq-item\">\r\n            <div class=\"faq-question\">3. When Can I Return to My Normal Activities After Surgery?<\/div>\r\n            <div class=\"faq-answer\">Light daily activities can usually be resumed within a week, but intense physical activity should be avoided for 4 to 6 weeks.<\/div>\r\n        <\/div>\r\n        <div class=\"faq-item\">\r\n            <div class=\"faq-question\">4. How Permanent Are the Results of Tummy Tuck Surgery? <\/div>\r\n            <div class=\"faq-answer\">Results are usually long-lasting, but it is important to maintain a healthy lifestyle, control weight changes, and follow the surgeon&#039;s recommendations.<\/div>\r\n        <\/div>\r\n      \r\n    <\/div>\r\n\r\n    <script>\r\n        document.querySelectorAll('.faq-question').forEach(item => {\r\n            item.addEventListener('click', () => {\r\n                const parent = item.parentElement;\r\n                parent.classList.toggle('active');\r\n            });\r\n        });\r\n    <\/script>\r\n<\/body>\r\n<\/html>\r\n\t\t<\/div>\n\t\t\t\t<\/div>\n\t\t\t\t<\/div>\n\t\t<div class=\"elementor-element elementor-element-aa090f3 e-con-full e-flex e-con e-child\" data-id=\"aa090f3\" data-element_type=\"container\">\n\t\t\t\t<div class=\"elementor-element elementor-element-8f68286 elementor-widget elementor-widget-image\" data-id=\"8f68286\" data-element_type=\"widget\" data-widget_type=\"image.default\">\n\t\t\t\t<div class=\"elementor-widget-container\">\n\t\t\t\t\t\t\t\t\t\t\t\t\t<img decoding=\"async\" width=\"288\" height=\"590\" src=\"https:\/\/fundaakoz.com\/wp-content\/uploads\/2024\/09\/karin-germe-estetigi-sik-sorulan-sorular.jpg\" class=\"attachment-full size-full wp-image-7087\" alt=\"Abdominoplasty frequently asked questions\" srcset=\"https:\/\/fundaakoz.com\/wp-content\/uploads\/2024\/09\/karin-germe-estetigi-sik-sorulan-sorular.jpg 288w, https:\/\/fundaakoz.com\/wp-content\/uploads\/2024\/09\/karin-germe-estetigi-sik-sorulan-sorular-146x300.jpg 146w\" sizes=\"(max-width: 288px) 100vw, 288px\" \/>\t\t\t\t\t\t\t\t\t\t\t\t\t<\/div>\n\t\t\t\t<\/div>\n\t\t\t\t<\/div>\n\t\t\t\t<\/div>\n\t\t\t\t<\/div>\n\t\t\t\t<\/div>\n\t\t\t\t<\/div>","protected":false},"excerpt":{"rendered":"<p>All Treatments Rhinoplasty Facial Aesthetics Eyelid Aesthetics Breast Aesthetics Abdominoplasty Filling Applications Humberger Toggle Menu Contact Information 0501 071 0110 Click Send Message! K\u0131s\u0131m mah. \u00c7oban\u00e7e\u015fme E-5 Yan Yol, Atak\u00f6y Towers A Blok No:20\/1 K:15 D:182 Bak\u0131rk\u00f6y \u2013 \u0130stanbul What is Abdominoplasty? Abdominoplasty is the surgical removal of excess skin and fat tissue in the abdominal area\u2026<\/p>","protected":false},"author":1,"featured_media":0,"parent":0,"menu_order":0,"comment_status":"closed","ping_status":"closed","template":"","meta":{"footnotes":""},"class_list":["post-4772","page","type-page","status-publish","hentry"],"_links":{"self":[{"href":"https:\/\/fundaakoz.com\/en\/wp-json\/wp\/v2\/pages\/4772"}],"collection":[{"href":"https:\/\/fundaakoz.com\/en\/wp-json\/wp\/v2\/pages"}],"about":[{"href":"https:\/\/fundaakoz.com\/en\/wp-json\/wp\/v2\/types\/page"}],"author":[{"embeddable":true,"href":"https:\/\/fundaakoz.com\/en\/wp-json\/wp\/v2\/users\/1"}],"replies":[{"embeddable":true,"href":"https:\/\/fundaakoz.com\/en\/wp-json\/wp\/v2\/comments?post=4772"}],"version-history":[{"count":0,"href":"https:\/\/fundaakoz.com\/en\/wp-json\/wp\/v2\/pages\/4772\/revisions"}],"wp:attachment":[{"href":"https:\/\/fundaakoz.com\/en\/wp-json\/wp\/v2\/media?parent=4772"}],"curies":[{"name":"wp","href":"https:\/\/api.w.org\/{rel}","templated":true}]}}