{"id":4871,"date":"2024-06-24T09:45:16","date_gmt":"2024-06-24T06:45:16","guid":{"rendered":"https:\/\/fundaakoz.com\/?page_id=4871"},"modified":"2024-10-03T13:34:24","modified_gmt":"2024-10-03T10:34:24","slug":"breast-aesthetics","status":"publish","type":"page","link":"https:\/\/fundaakoz.com\/en\/breast-aesthetics\/","title":{"rendered":"Breast Aesthetics"},"content":{"rendered":"<div data-elementor-type=\"wp-page\" data-elementor-id=\"4871\" class=\"elementor elementor-4871\">\n\t\t\t\t<div class=\"elementor-element elementor-element-33997a5 e-con-full e-flex e-con e-parent\" data-id=\"33997a5\" data-element_type=\"container\">\n\t\t<div class=\"elementor-element elementor-element-09d83b7 e-con-full e-flex e-con e-child\" data-id=\"09d83b7\" data-element_type=\"container\">\n\t\t\t\t<div class=\"elementor-element elementor-element-ddd83dc elementor-widget elementor-widget-heading\" data-id=\"ddd83dc\" data-element_type=\"widget\" data-widget_type=\"heading.default\">\n\t\t\t\t<div class=\"elementor-widget-container\">\n\t\t\t<h4 class=\"elementor-heading-title elementor-size-default\">All Treatments<\/h4>\t\t<\/div>\n\t\t\t\t<\/div>\n\t\t\t\t<div class=\"elementor-element elementor-element-3c174dd eael-hamburger--none elementor-widget elementor-widget-eael-simple-menu\" data-id=\"3c174dd\" data-element_type=\"widget\" data-widget_type=\"eael-simple-menu.default\">\n\t\t\t\t<div class=\"elementor-widget-container\">\n\t\t\t            <div data-hamburger-icon=\"&lt;svg aria-hidden=&quot;true&quot; class=&quot;e-font-icon-svg e-fas-bars&quot; viewBox=&quot;0 0 448 512&quot; xmlns=&quot;http:\/\/www.w3.org\/2000\/svg&quot;&gt;&lt;path d=&quot;M16 132h416c8.837 0 16-7.163 16-16V76c0-8.837-7.163-16-16-16H16C7.163 60 0 67.163 0 76v40c0 8.837 7.163 16 16 16zm0 160h416c8.837 0 16-7.163 16-16v-40c0-8.837-7.163-16-16-16H16c-8.837 0-16 7.163-16 16v40c0 8.837 7.163 16 16 16zm0 160h416c8.837 0 16-7.163 16-16v-40c0-8.837-7.163-16-16-16H16c-8.837 0-16 7.163-16 16v40c0 8.837 7.163 16 16 16z&quot;&gt;&lt;\/path&gt;&lt;\/svg&gt;\" data-indicator-icon=\"\" data-dropdown-indicator-icon=\"&lt;svg class=&quot;e-font-icon-svg e-fas-angle-down&quot; viewBox=&quot;0 0 320 512&quot; xmlns=&quot;http:\/\/www.w3.org\/2000\/svg&quot;&gt;&lt;path d=&quot;M143 352.3L7 216.3c-9.4-9.4-9.4-24.6 0-33.9l22.6-22.6c9.4-9.4 24.6-9.4 33.9 0l96.4 96.4 96.4-96.4c9.4-9.4 24.6-9.4 33.9 0l22.6 22.6c9.4 9.4 9.4 24.6 0 33.9l-136 136c-9.2 9.4-24.4 9.4-33.8 0z&quot;&gt;&lt;\/path&gt;&lt;\/svg&gt;\" class=\"eael-simple-menu-container eael-simple-menu-align-left eael-simple-menu-dropdown-align-left preset-1\" data-hamburger-breakpoints=\"{&quot;mobile&quot;:&quot;Mobile Portrait (&gt; 767px)&quot;,&quot;tablet&quot;:&quot;Tablet Portrait (&gt; 1024px)&quot;,&quot;desktop&quot;:&quot;Desktop (&gt; 2400px)&quot;,&quot;none&quot;:&quot;None&quot;}\" data-hamburger-device=\"none\">\n                <ul id=\"menu-tedaviler\" class=\"eael-simple-menu eael-simple-menu-dropdown-animate-to-top eael-simple-menu-indicator eael-simple-menu-vertical\"><li id=\"menu-item-5224\" class=\"menu-item menu-item-type-post_type menu-item-object-page menu-item-5224\"><a href=\"https:\/\/fundaakoz.com\/en\/rhinoplasty\/\">Rhinoplasty<\/a><\/li>\n<li id=\"menu-item-5229\" class=\"menu-item menu-item-type-post_type menu-item-object-page menu-item-5229\"><a href=\"https:\/\/fundaakoz.com\/en\/facial-aesthetics\/\">Facial Aesthetics<\/a><\/li>\n<li id=\"menu-item-7183\" class=\"menu-item menu-item-type-post_type menu-item-object-page menu-item-7183\"><a href=\"https:\/\/fundaakoz.com\/en\/lip-aesthetics-lip-lifting\/\">Lip Aesthetics<\/a><\/li>\n<li id=\"menu-item-5226\" class=\"menu-item menu-item-type-post_type menu-item-object-page menu-item-5226\"><a href=\"https:\/\/fundaakoz.com\/en\/eyelid-aesthetics\/\">Eyelid Aesthetics<\/a><\/li>\n<li id=\"menu-item-7182\" class=\"menu-item menu-item-type-post_type menu-item-object-page menu-item-7182\"><a href=\"https:\/\/fundaakoz.com\/en\/bisectomy-cheek-aesthetics\/\">Bishectomy<\/a><\/li>\n<li id=\"menu-item-5228\" class=\"menu-item menu-item-type-post_type menu-item-object-page menu-item-5228\"><a href=\"https:\/\/fundaakoz.com\/en\/breast-aesthetics\/\">Breast Aesthetics<\/a><\/li>\n<li id=\"menu-item-5227\" class=\"menu-item menu-item-type-post_type menu-item-object-page menu-item-5227\"><a href=\"https:\/\/fundaakoz.com\/en\/abdominoplasty\/\">Abdominoplasty<\/a><\/li>\n<li id=\"menu-item-7181\" class=\"menu-item menu-item-type-post_type menu-item-object-page menu-item-7181\"><a href=\"https:\/\/fundaakoz.com\/en\/mommy-aesthetics-mommy-makeover\/\">Mommy Makeover<\/a><\/li>\n<li id=\"menu-item-7184\" class=\"menu-item menu-item-type-post_type menu-item-object-page menu-item-7184\"><a href=\"https:\/\/fundaakoz.com\/en\/liposuction\/\">Liposuction<\/a><\/li>\n<li id=\"menu-item-7185\" class=\"menu-item menu-item-type-post_type menu-item-object-page menu-item-7185\"><a href=\"https:\/\/fundaakoz.com\/en\/butt-aesthetic-bbl\/\">Butt Aesthetics (BBL)<\/a><\/li>\n<\/ul>                <button class=\"eael-simple-menu-toggle\">\n                    <span class=\"sr-only\">Humberger Toggle Menu<\/span>\n                    <svg aria-hidden=\"true\" class=\"e-font-icon-svg e-fas-bars\" viewbox=\"0 0 448 512\" xmlns=\"http:\/\/www.w3.org\/2000\/svg\"><path d=\"M16 132h416c8.837 0 16-7.163 16-16V76c0-8.837-7.163-16-16-16H16C7.163 60 0 67.163 0 76v40c0 8.837 7.163 16 16 16zm0 160h416c8.837 0 16-7.163 16-16v-40c0-8.837-7.163-16-16-16H16c-8.837 0-16 7.163-16 16v40c0 8.837 7.163 16 16 16zm0 160h416c8.837 0 16-7.163 16-16v-40c0-8.837-7.163-16-16-16H16c-8.837 0-16 7.163-16 16v40c0 8.837 7.163 16 16 16z\"><\/path><\/svg>                <\/button>\n            <\/div>\n            \t\t<\/div>\n\t\t\t\t<\/div>\n\t\t<div class=\"elementor-element elementor-element-f834d43 e-con-full e-flex e-con e-child\" data-id=\"f834d43\" data-element_type=\"container\" data-settings=\"{&quot;background_background&quot;:&quot;classic&quot;}\">\n\t\t\t\t<div class=\"elementor-element elementor-element-2cc627d elementor-widget elementor-widget-heading\" data-id=\"2cc627d\" data-element_type=\"widget\" data-widget_type=\"heading.default\">\n\t\t\t\t<div class=\"elementor-widget-container\">\n\t\t\t<h4 class=\"elementor-heading-title elementor-size-default\">Contact Information<\/h4>\t\t<\/div>\n\t\t\t\t<\/div>\n\t\t\t\t<div class=\"elementor-element elementor-element-0522b1a elementor-icon-list--layout-traditional elementor-list-item-link-full_width elementor-widget elementor-widget-icon-list\" data-id=\"0522b1a\" data-element_type=\"widget\" data-widget_type=\"icon-list.default\">\n\t\t\t\t<div class=\"elementor-widget-container\">\n\t\t\t\t\t<ul class=\"elementor-icon-list-items\">\n\t\t\t\t\t\t\t<li class=\"elementor-icon-list-item\">\n\t\t\t\t\t\t\t\t\t\t\t<a href=\"Tel:+905010710110\" target=\"_blank\" class=\"telefon_iletisim\">\n\n\t\t\t\t\t\t\t\t\t\t\t\t<span class=\"elementor-icon-list-icon\">\n\t\t\t\t\t\t\t<svg aria-hidden=\"true\" class=\"e-font-icon-svg e-fas-phone-square-alt\" viewbox=\"0 0 448 512\" xmlns=\"http:\/\/www.w3.org\/2000\/svg\"><path d=\"M400 32H48A48 48 0 0 0 0 80v352a48 48 0 0 0 48 48h352a48 48 0 0 0 48-48V80a48 48 0 0 0-48-48zm-16.39 307.37l-15 65A15 15 0 0 1 354 416C194 416 64 286.29 64 126a15.7 15.7 0 0 1 11.63-14.61l65-15A18.23 18.23 0 0 1 144 96a16.27 16.27 0 0 1 13.79 9.09l30 70A17.9 17.9 0 0 1 189 181a17 17 0 0 1-5.5 11.61l-37.89 31a231.91 231.91 0 0 0 110.78 110.78l31-37.89A17 17 0 0 1 299 291a17.85 17.85 0 0 1 5.91 1.21l70 30A16.25 16.25 0 0 1 384 336a17.41 17.41 0 0 1-.39 3.37z\"><\/path><\/svg>\t\t\t\t\t\t<\/span>\n\t\t\t\t\t\t\t\t\t\t<span class=\"elementor-icon-list-text\">0501 071 0110<\/span>\n\t\t\t\t\t\t\t\t\t\t\t<\/a>\n\t\t\t\t\t\t\t\t\t<\/li>\n\t\t\t\t\t\t\t\t<li class=\"elementor-icon-list-item\">\n\t\t\t\t\t\t\t\t\t\t\t<a href=\"https:\/\/wa.me\/905334242729\" target=\"_blank\" class=\"whatsapp_iletisim\" rel=\"noopener\">\n\n\t\t\t\t\t\t\t\t\t\t\t\t<span class=\"elementor-icon-list-icon\">\n\t\t\t\t\t\t\t<svg aria-hidden=\"true\" class=\"e-font-icon-svg e-fab-whatsapp-square\" viewbox=\"0 0 448 512\" xmlns=\"http:\/\/www.w3.org\/2000\/svg\"><path d=\"M224 122.8c-72.7 0-131.8 59.1-131.9 131.8 0 24.9 7 49.2 20.2 70.1l3.1 5-13.3 48.6 49.9-13.1 4.8 2.9c20.2 12 43.4 18.4 67.1 18.4h.1c72.6 0 133.3-59.1 133.3-131.8 0-35.2-15.2-68.3-40.1-93.2-25-25-58-38.7-93.2-38.7zm77.5 188.4c-3.3 9.3-19.1 17.7-26.7 18.8-12.6 1.9-22.4.9-47.5-9.9-39.7-17.2-65.7-57.2-67.7-59.8-2-2.6-16.2-21.5-16.2-41s10.2-29.1 13.9-33.1c3.6-4 7.9-5 10.6-5 2.6 0 5.3 0 7.6.1 2.4.1 5.7-.9 8.9 6.8 3.3 7.9 11.2 27.4 12.2 29.4s1.7 4.3.3 6.9c-7.6 15.2-15.7 14.6-11.6 21.6 15.3 26.3 30.6 35.4 53.9 47.1 4 2 6.3 1.7 8.6-1 2.3-2.6 9.9-11.6 12.5-15.5 2.6-4 5.3-3.3 8.9-2 3.6 1.3 23.1 10.9 27.1 12.9s6.6 3 7.6 4.6c.9 1.9.9 9.9-2.4 19.1zM400 32H48C21.5 32 0 53.5 0 80v352c0 26.5 21.5 48 48 48h352c26.5 0 48-21.5 48-48V80c0-26.5-21.5-48-48-48zM223.9 413.2c-26.6 0-52.7-6.7-75.8-19.3L64 416l22.5-82.2c-13.9-24-21.2-51.3-21.2-79.3C65.4 167.1 136.5 96 223.9 96c42.4 0 82.2 16.5 112.2 46.5 29.9 30 47.9 69.8 47.9 112.2 0 87.4-72.7 158.5-160.1 158.5z\"><\/path><\/svg>\t\t\t\t\t\t<\/span>\n\t\t\t\t\t\t\t\t\t\t<span class=\"elementor-icon-list-text\">Click Send Message!<\/span>\n\t\t\t\t\t\t\t\t\t\t\t<\/a>\n\t\t\t\t\t\t\t\t\t<\/li>\n\t\t\t\t\t\t\t\t<li class=\"elementor-icon-list-item\">\n\t\t\t\t\t\t\t\t\t\t\t<a href=\"https:\/\/maps.app.goo.gl\/DWvhdXN2ysoh3ppM6\" target=\"_blank\" rel=\"noopener\">\n\n\t\t\t\t\t\t\t\t\t\t\t\t<span class=\"elementor-icon-list-icon\">\n\t\t\t\t\t\t\t<svg aria-hidden=\"true\" class=\"e-font-icon-svg e-fas-map-marked-alt\" viewbox=\"0 0 576 512\" xmlns=\"http:\/\/www.w3.org\/2000\/svg\"><path d=\"M288 0c-69.59 0-126 56.41-126 126 0 56.26 82.35 158.8 113.9 196.02 6.39 7.54 17.82 7.54 24.2 0C331.65 284.8 414 182.26 414 126 414 56.41 357.59 0 288 0zm0 168c-23.2 0-42-18.8-42-42s18.8-42 42-42 42 18.8 42 42-18.8 42-42 42zM20.12 215.95A32.006 32.006 0 0 0 0 245.66v250.32c0 11.32 11.43 19.06 21.94 14.86L160 448V214.92c-8.84-15.98-16.07-31.54-21.25-46.42L20.12 215.95zM288 359.67c-14.07 0-27.38-6.18-36.51-16.96-19.66-23.2-40.57-49.62-59.49-76.72v182l192 64V266c-18.92 27.09-39.82 53.52-59.49 76.72-9.13 10.77-22.44 16.95-36.51 16.95zm266.06-198.51L416 224v288l139.88-55.95A31.996 31.996 0 0 0 576 426.34V176.02c0-11.32-11.43-19.06-21.94-14.86z\"><\/path><\/svg>\t\t\t\t\t\t<\/span>\n\t\t\t\t\t\t\t\t\t\t<span class=\"elementor-icon-list-text\">Section neighborhood Cobancesme E-5 Side Road, Atakoy Towers A Block No:20\/1 K:15 D:182 Bakirkoy - Istanbul<\/span>\n\t\t\t\t\t\t\t\t\t\t\t<\/a>\n\t\t\t\t\t\t\t\t\t<\/li>\n\t\t\t\t\t\t<\/ul>\n\t\t\t\t<\/div>\n\t\t\t\t<\/div>\n\t\t\t\t<\/div>\n\t\t\t\t<\/div>\n\t\t<div class=\"elementor-element elementor-element-482ec0c e-con-full e-flex e-con e-child\" data-id=\"482ec0c\" data-element_type=\"container\">\n\t\t\t\t<div class=\"elementor-element elementor-element-3474cfb elementor-widget elementor-widget-text-editor\" data-id=\"3474cfb\" data-element_type=\"widget\" data-widget_type=\"text-editor.default\">\n\t\t\t\t<div class=\"elementor-widget-container\">\n\t\t\t\t\t\t\t<p data-block-id=\"7fff1fc7-206f-4ba5-b342-87dc73912f69\" data-pm-slice=\"1 3 []\"><img fetchpriority=\"high\" decoding=\"async\" class=\"alignnone wp-image-7077 size-full\" src=\"https:\/\/fundaakoz.com\/wp-content\/uploads\/2024\/09\/meme-estetigi-3.jpg\" alt=\"breast aesthetics\" width=\"806\" height=\"400\" srcset=\"https:\/\/fundaakoz.com\/wp-content\/uploads\/2024\/09\/meme-estetigi-3.jpg 806w, https:\/\/fundaakoz.com\/wp-content\/uploads\/2024\/09\/meme-estetigi-3-300x149.jpg 300w, https:\/\/fundaakoz.com\/wp-content\/uploads\/2024\/09\/meme-estetigi-3-768x381.jpg 768w\" sizes=\"(max-width: 806px) 100vw, 806px\" \/><\/p>\n\n<h2 data-block-id=\"7fff1fc7-206f-4ba5-b342-87dc73912f69\" data-pm-slice=\"1 3 []\">What is Breast Aesthetics?<\/h2>\n<p data-block-id=\"339fcfda-7031-4abe-a907-c36f6ebe0121\">Breast aesthetics is a surgical procedure performed to improve the appearance of the breast area, to add volume, shape or reduce it. It is the branch preferred by women to increase their self-confidence and to achieve an appearance that is compatible with their body lines. Breast aesthetics can be performed using various techniques and procedures.<\/p>\n<iframe title=\"YouTube video player\" src=\"https:\/\/www.youtube.com\/embed\/mSo18JkHbnY?si=-r5ylatmUTL7DEiY\" width=\"100%\" height=\"350\" frameborder=\"0\" allowfullscreen=\"allowfullscreen\"><\/iframe>\n<h3 data-block-id=\"ec2201ee-c3f6-41b7-b54d-d16d554afcdd\">Stages of Breast Aesthetics<\/h3>\n<ul>\n \t<li>The preoperative process begins with the patient&#039;s initial consultation with the surgeon. At this stage, the surgeon examines the patient&#039;s medical history, listens to their expectations and aesthetic goals. The patient&#039;s breast structure, skin elasticity and general health status are evaluated.<\/li>\n \t<li>After the consultation, the surgeon plans the details of the surgery. This planning includes the type of implant to be used, its size, the location of the incisions, and the overall strategy for the surgery. The day of surgery and preparations are decided.<\/li>\n \t<li>Before surgery, the patient may need to undergo certain tests. These tests may include blood tests, mammograms, or EKGs. The patient must follow the surgeon&#039;s instructions before surgery, quit smoking, and avoid certain medications.<\/li>\n \t<li>On the day of the surgery, the patient is given general anesthesia and incisions are made as determined by the surgeon. The location and shape of the incisions vary depending on the type of procedure to be performed.<\/li>\n \t<li><strong>Breast Augmentation:<\/strong> Implants are placed under the breast tissue or under the chest muscle.<\/li>\n \t<li><strong>Breast Reduction:<\/strong> Excess breast tissue, fat and skin are removed, and a new shape of the breast is created.<\/li>\n \t<li><strong>Breast Lift:<\/strong> The breast tissue is reshaped and excess skin is removed. The surgery usually takes 1-3 hours.<\/li>\n \t<li>After the surgery, the patient&#039;s condition is monitored and the initial recovery process begins. The patient can usually stay in the hospital the same day or overnight. Things to consider after the surgery:<\/li>\n \t<li>The first few days are rest and use of painkillers recommended by the doctor.<\/li>\n \t<li>Use of a supportive bra or corset.<\/li>\n \t<li>Avoiding strenuous physical activities and arm strain.<\/li>\n \t<li>Keeping incisions clean and dry.<\/li>\n \t<li>A visit to the doctor is required 1 week after surgery to have the stitches removed and to have a check-up. The surgeon will monitor the healing process and give you instructions on any necessary care.<\/li>\n \t<li>The full recovery process usually takes a few weeks to a few months. The swelling subsides, the breast tissue takes on its new shape, and the results become apparent.<\/li>\n<\/ul>\n<img decoding=\"async\" class=\"alignnone wp-image-7081 size-full\" src=\"https:\/\/fundaakoz.com\/wp-content\/uploads\/2024\/09\/meme-buyutme-cerrahisi.jpg\" alt=\"breast augmentation surgery\" width=\"806\" height=\"350\" srcset=\"https:\/\/fundaakoz.com\/wp-content\/uploads\/2024\/09\/meme-buyutme-cerrahisi.jpg 806w, https:\/\/fundaakoz.com\/wp-content\/uploads\/2024\/09\/meme-buyutme-cerrahisi-300x130.jpg 300w, https:\/\/fundaakoz.com\/wp-content\/uploads\/2024\/09\/meme-buyutme-cerrahisi-768x333.jpg 768w\" sizes=\"(max-width: 806px) 100vw, 806px\" \/>\n<h4 data-block-id=\"35bab67d-5a84-42cc-abd8-5217235462e3\">How Long Does Breast Aesthetics Take?<\/h4>\n<p data-block-id=\"a5d18967-a1b8-469d-bb40-82b710639a4c\">The duration of breast aesthetic surgery varies depending on the type and extent of the procedure. Breast augmentation, reduction or lift surgeries usually take between 1 and 3 hours. This includes preoperative preparation and anesthesia. The postoperative recovery period can range from a few weeks to a few months. It usually takes 3 to 6 months for the full results to appear and for the swelling to completely subside.<\/p>\n\n<iframe width=\"100%\" height=\"350\" src=\"https:\/\/www.youtube.com\/embed\/6qe1FDr4PQE?si=Jt4oHhaxZGf80-t4\" title=\"YouTube video player\" frameborder=\"0\" allow=\"accelerometer; autoplay; clipboard-write; encrypted-media; gyroscope; picture-in-picture; web-share\" referrerpolicy=\"strict-origin-when-cross-origin\" allowfullscreen><\/iframe>\n\n<h2 data-block-id=\"6cf0c904-c56c-41cc-bfae-492629c2dac7\">The Recovery Process After Breast Aesthetics<\/h2>\n<p data-block-id=\"f0b56573-c661-434c-9286-711f7be9b94a\">The first few days after surgery are critical in terms of rest and care. Swelling, bruising and mild pain are normal during this period. Painkillers recommended by the doctor will help reduce discomfort during this period.<\/p>\n<p data-block-id=\"1e0382d2-6af5-4539-8d61-a308b2163758\">During the first week, the patient can return to light daily activities, but should avoid heavy lifting and intense physical activity. The surgeon may recommend that you wear a supportive bra or corset.<\/p>\n<p data-block-id=\"06f2c8f6-aa62-4153-ab2b-41b6d7a61e3c\">From the second week onwards, the patient begins to move more freely. He\/she feels more comfortable returning to work or continuing with his\/her daily routine. However, heavy exercises and activities that strain the arms should still be avoided.<\/p>\n<p data-block-id=\"46991849-0dd8-430e-aa7b-b77c0d95328f\">One month after the surgery, the swelling has greatly decreased and the results of the surgery are more noticeable. The patient can return to normal physical activities during this period. However, it is still beneficial to avoid heavy and intense exercises.<\/p>\n<p data-block-id=\"2acc2d94-bc56-48f5-832c-30be755e62c9\">The full recovery process is usually completed within 3 to 6 months. During this process, the breast tissue heals completely, the swelling completely subsides and the final results become apparent. The patient&#039;s healthy diet, drinking plenty of water and protection from the sun can speed up the recovery process.<\/p>\t\t\t\t\t\t<\/div>\n\t\t\t\t<\/div>\n\t\t\t\t<\/div>\n\t\t\t\t<\/div>\n\t\t\t\t<\/div>","protected":false},"excerpt":{"rendered":"<p>All Treatments Rhinoplasty Facial Aesthetics Lip Aesthetics Eyelid Aesthetics Bichectomy Filling Applications Breast Aesthetics Abdominoplasty Mommy Makeover Liposuction Butt Aesthetics (BBL) Humberger Toggle Menu Contact Information 0501 071 0110 Click to Send Message! K\u0131s\u0131m mah. \u00c7oban\u00e7e\u015fme E-5 Yan Yol, Atak\u00f6y Towers A Blok No:20\/1 K:15 D:182 Bak\u0131rk\u00f6y \u2013 \u0130stanbul What is Breast Aesthetics? Breast\u2026<\/p>","protected":false},"author":1,"featured_media":0,"parent":0,"menu_order":0,"comment_status":"closed","ping_status":"closed","template":"","meta":{"footnotes":""},"class_list":["post-4871","page","type-page","status-publish","hentry"],"_links":{"self":[{"href":"https:\/\/fundaakoz.com\/en\/wp-json\/wp\/v2\/pages\/4871"}],"collection":[{"href":"https:\/\/fundaakoz.com\/en\/wp-json\/wp\/v2\/pages"}],"about":[{"href":"https:\/\/fundaakoz.com\/en\/wp-json\/wp\/v2\/types\/page"}],"author":[{"embeddable":true,"href":"https:\/\/fundaakoz.com\/en\/wp-json\/wp\/v2\/users\/1"}],"replies":[{"embeddable":true,"href":"https:\/\/fundaakoz.com\/en\/wp-json\/wp\/v2\/comments?post=4871"}],"version-history":[{"count":9,"href":"https:\/\/fundaakoz.com\/en\/wp-json\/wp\/v2\/pages\/4871\/revisions"}],"predecessor-version":[{"id":7319,"href":"https:\/\/fundaakoz.com\/en\/wp-json\/wp\/v2\/pages\/4871\/revisions\/7319"}],"wp:attachment":[{"href":"https:\/\/fundaakoz.com\/en\/wp-json\/wp\/v2\/media?parent=4871"}],"curies":[{"name":"wp","href":"https:\/\/api.w.org\/{rel}","templated":true}]}}