{"id":5834,"date":"2024-09-05T15:43:08","date_gmt":"2024-09-05T12:43:08","guid":{"rendered":"https:\/\/fundaakoz.com\/?page_id=5834"},"modified":"2024-09-30T11:38:12","modified_gmt":"2024-09-30T08:38:12","slug":"mommy-aesthetics-mommy-makeover","status":"publish","type":"page","link":"https:\/\/fundaakoz.com\/en\/mommy-aesthetics-mommy-makeover\/","title":{"rendered":"Mommy Makeover"},"content":{"rendered":"<div data-elementor-type=\"wp-page\" data-elementor-id=\"5834\" class=\"elementor elementor-5834\">\n\t\t\t\t<div class=\"elementor-element elementor-element-e03fddc e-con-full e-flex e-con e-parent\" data-id=\"e03fddc\" data-element_type=\"container\">\n\t\t<div class=\"elementor-element elementor-element-be4fd21 e-con-full e-flex e-con e-child\" data-id=\"be4fd21\" data-element_type=\"container\">\n\t\t\t\t<div class=\"elementor-element elementor-element-8eb835a elementor-widget elementor-widget-heading\" data-id=\"8eb835a\" data-element_type=\"widget\" data-widget_type=\"heading.default\">\n\t\t\t\t<div class=\"elementor-widget-container\">\n\t\t\t<h4 class=\"elementor-heading-title elementor-size-default\">All Treatments<\/h4>\t\t<\/div>\n\t\t\t\t<\/div>\n\t\t\t\t<div class=\"elementor-element elementor-element-637560a eael-hamburger--none elementor-widget elementor-widget-eael-simple-menu\" data-id=\"637560a\" data-element_type=\"widget\" data-widget_type=\"eael-simple-menu.default\">\n\t\t\t\t<div class=\"elementor-widget-container\">\n\t\t\t            <div data-hamburger-icon=\"&lt;svg aria-hidden=&quot;true&quot; class=&quot;e-font-icon-svg e-fas-bars&quot; viewBox=&quot;0 0 448 512&quot; xmlns=&quot;http:\/\/www.w3.org\/2000\/svg&quot;&gt;&lt;path d=&quot;M16 132h416c8.837 0 16-7.163 16-16V76c0-8.837-7.163-16-16-16H16C7.163 60 0 67.163 0 76v40c0 8.837 7.163 16 16 16zm0 160h416c8.837 0 16-7.163 16-16v-40c0-8.837-7.163-16-16-16H16c-8.837 0-16 7.163-16 16v40c0 8.837 7.163 16 16 16zm0 160h416c8.837 0 16-7.163 16-16v-40c0-8.837-7.163-16-16-16H16c-8.837 0-16 7.163-16 16v40c0 8.837 7.163 16 16 16z&quot;&gt;&lt;\/path&gt;&lt;\/svg&gt;\" data-indicator-icon=\"\" data-dropdown-indicator-icon=\"&lt;svg class=&quot;e-font-icon-svg e-fas-angle-down&quot; viewBox=&quot;0 0 320 512&quot; xmlns=&quot;http:\/\/www.w3.org\/2000\/svg&quot;&gt;&lt;path d=&quot;M143 352.3L7 216.3c-9.4-9.4-9.4-24.6 0-33.9l22.6-22.6c9.4-9.4 24.6-9.4 33.9 0l96.4 96.4 96.4-96.4c9.4-9.4 24.6-9.4 33.9 0l22.6 22.6c9.4 9.4 9.4 24.6 0 33.9l-136 136c-9.2 9.4-24.4 9.4-33.8 0z&quot;&gt;&lt;\/path&gt;&lt;\/svg&gt;\" class=\"eael-simple-menu-container eael-simple-menu-align-left eael-simple-menu-dropdown-align-left preset-1\" data-hamburger-breakpoints=\"{&quot;mobile&quot;:&quot;Mobile Portrait (&gt; 767px)&quot;,&quot;tablet&quot;:&quot;Tablet Portrait (&gt; 1024px)&quot;,&quot;desktop&quot;:&quot;Desktop (&gt; 2400px)&quot;,&quot;none&quot;:&quot;None&quot;}\" data-hamburger-device=\"none\">\n                <ul id=\"menu-tedaviler\" class=\"eael-simple-menu eael-simple-menu-dropdown-animate-to-top eael-simple-menu-indicator eael-simple-menu-vertical\"><li id=\"menu-item-5224\" class=\"menu-item menu-item-type-post_type menu-item-object-page menu-item-5224\"><a href=\"https:\/\/fundaakoz.com\/en\/rhinoplasty\/\">Rhinoplasty<\/a><\/li>\n<li id=\"menu-item-5229\" class=\"menu-item menu-item-type-post_type menu-item-object-page menu-item-5229\"><a href=\"https:\/\/fundaakoz.com\/en\/facial-aesthetics\/\">Facial Aesthetics<\/a><\/li>\n<li id=\"menu-item-7183\" class=\"menu-item menu-item-type-post_type menu-item-object-page menu-item-7183\"><a href=\"https:\/\/fundaakoz.com\/en\/lip-aesthetics-lip-lifting\/\">Lip Aesthetics<\/a><\/li>\n<li id=\"menu-item-5226\" class=\"menu-item menu-item-type-post_type menu-item-object-page menu-item-5226\"><a href=\"https:\/\/fundaakoz.com\/en\/eyelid-aesthetics\/\">Eyelid Aesthetics<\/a><\/li>\n<li id=\"menu-item-7182\" class=\"menu-item menu-item-type-post_type menu-item-object-page menu-item-7182\"><a href=\"https:\/\/fundaakoz.com\/en\/bisectomy-cheek-aesthetics\/\">Bishectomy<\/a><\/li>\n<li id=\"menu-item-5228\" class=\"menu-item menu-item-type-post_type menu-item-object-page menu-item-5228\"><a href=\"https:\/\/fundaakoz.com\/en\/breast-aesthetics\/\">Breast Aesthetics<\/a><\/li>\n<li id=\"menu-item-5227\" class=\"menu-item menu-item-type-post_type menu-item-object-page menu-item-5227\"><a href=\"https:\/\/fundaakoz.com\/en\/abdominoplasty\/\">Abdominoplasty<\/a><\/li>\n<li id=\"menu-item-7181\" class=\"menu-item menu-item-type-post_type menu-item-object-page menu-item-7181\"><a href=\"https:\/\/fundaakoz.com\/en\/mommy-aesthetics-mommy-makeover\/\">Mommy Makeover<\/a><\/li>\n<li id=\"menu-item-7184\" class=\"menu-item menu-item-type-post_type menu-item-object-page menu-item-7184\"><a href=\"https:\/\/fundaakoz.com\/en\/liposuction\/\">Liposuction<\/a><\/li>\n<li id=\"menu-item-7185\" class=\"menu-item menu-item-type-post_type menu-item-object-page menu-item-7185\"><a href=\"https:\/\/fundaakoz.com\/en\/butt-aesthetic-bbl\/\">Butt Aesthetics (BBL)<\/a><\/li>\n<\/ul>                <button class=\"eael-simple-menu-toggle\">\n                    <span class=\"sr-only\">Humberger Toggle Menu<\/span>\n                    <svg aria-hidden=\"true\" class=\"e-font-icon-svg e-fas-bars\" viewbox=\"0 0 448 512\" xmlns=\"http:\/\/www.w3.org\/2000\/svg\"><path d=\"M16 132h416c8.837 0 16-7.163 16-16V76c0-8.837-7.163-16-16-16H16C7.163 60 0 67.163 0 76v40c0 8.837 7.163 16 16 16zm0 160h416c8.837 0 16-7.163 16-16v-40c0-8.837-7.163-16-16-16H16c-8.837 0-16 7.163-16 16v40c0 8.837 7.163 16 16 16zm0 160h416c8.837 0 16-7.163 16-16v-40c0-8.837-7.163-16-16-16H16c-8.837 0-16 7.163-16 16v40c0 8.837 7.163 16 16 16z\"><\/path><\/svg>                <\/button>\n            <\/div>\n            \t\t<\/div>\n\t\t\t\t<\/div>\n\t\t<div class=\"elementor-element elementor-element-172efbf e-con-full e-flex e-con e-child\" data-id=\"172efbf\" data-element_type=\"container\" data-settings=\"{&quot;background_background&quot;:&quot;classic&quot;}\">\n\t\t\t\t<div class=\"elementor-element elementor-element-88d1e7f elementor-widget elementor-widget-heading\" data-id=\"88d1e7f\" data-element_type=\"widget\" data-widget_type=\"heading.default\">\n\t\t\t\t<div class=\"elementor-widget-container\">\n\t\t\t<h4 class=\"elementor-heading-title elementor-size-default\">Contact Information<\/h4>\t\t<\/div>\n\t\t\t\t<\/div>\n\t\t\t\t<div class=\"elementor-element elementor-element-667545f elementor-icon-list--layout-traditional elementor-list-item-link-full_width elementor-widget elementor-widget-icon-list\" data-id=\"667545f\" data-element_type=\"widget\" data-widget_type=\"icon-list.default\">\n\t\t\t\t<div class=\"elementor-widget-container\">\n\t\t\t\t\t<ul class=\"elementor-icon-list-items\">\n\t\t\t\t\t\t\t<li class=\"elementor-icon-list-item\">\n\t\t\t\t\t\t\t\t\t\t\t<a href=\"Tel:+905010710110\" target=\"_blank\" class=\"telefon_iletisim\">\n\n\t\t\t\t\t\t\t\t\t\t\t\t<span class=\"elementor-icon-list-icon\">\n\t\t\t\t\t\t\t<svg aria-hidden=\"true\" class=\"e-font-icon-svg e-fas-phone-square-alt\" viewbox=\"0 0 448 512\" xmlns=\"http:\/\/www.w3.org\/2000\/svg\"><path d=\"M400 32H48A48 48 0 0 0 0 80v352a48 48 0 0 0 48 48h352a48 48 0 0 0 48-48V80a48 48 0 0 0-48-48zm-16.39 307.37l-15 65A15 15 0 0 1 354 416C194 416 64 286.29 64 126a15.7 15.7 0 0 1 11.63-14.61l65-15A18.23 18.23 0 0 1 144 96a16.27 16.27 0 0 1 13.79 9.09l30 70A17.9 17.9 0 0 1 189 181a17 17 0 0 1-5.5 11.61l-37.89 31a231.91 231.91 0 0 0 110.78 110.78l31-37.89A17 17 0 0 1 299 291a17.85 17.85 0 0 1 5.91 1.21l70 30A16.25 16.25 0 0 1 384 336a17.41 17.41 0 0 1-.39 3.37z\"><\/path><\/svg>\t\t\t\t\t\t<\/span>\n\t\t\t\t\t\t\t\t\t\t<span class=\"elementor-icon-list-text\">0501 071 0110<\/span>\n\t\t\t\t\t\t\t\t\t\t\t<\/a>\n\t\t\t\t\t\t\t\t\t<\/li>\n\t\t\t\t\t\t\t\t<li class=\"elementor-icon-list-item\">\n\t\t\t\t\t\t\t\t\t\t\t<a href=\"https:\/\/wa.me\/905334242729\" target=\"_blank\" class=\"whatsapp_iletisim\" rel=\"noopener\">\n\n\t\t\t\t\t\t\t\t\t\t\t\t<span class=\"elementor-icon-list-icon\">\n\t\t\t\t\t\t\t<svg aria-hidden=\"true\" class=\"e-font-icon-svg e-fab-whatsapp-square\" viewbox=\"0 0 448 512\" xmlns=\"http:\/\/www.w3.org\/2000\/svg\"><path d=\"M224 122.8c-72.7 0-131.8 59.1-131.9 131.8 0 24.9 7 49.2 20.2 70.1l3.1 5-13.3 48.6 49.9-13.1 4.8 2.9c20.2 12 43.4 18.4 67.1 18.4h.1c72.6 0 133.3-59.1 133.3-131.8 0-35.2-15.2-68.3-40.1-93.2-25-25-58-38.7-93.2-38.7zm77.5 188.4c-3.3 9.3-19.1 17.7-26.7 18.8-12.6 1.9-22.4.9-47.5-9.9-39.7-17.2-65.7-57.2-67.7-59.8-2-2.6-16.2-21.5-16.2-41s10.2-29.1 13.9-33.1c3.6-4 7.9-5 10.6-5 2.6 0 5.3 0 7.6.1 2.4.1 5.7-.9 8.9 6.8 3.3 7.9 11.2 27.4 12.2 29.4s1.7 4.3.3 6.9c-7.6 15.2-15.7 14.6-11.6 21.6 15.3 26.3 30.6 35.4 53.9 47.1 4 2 6.3 1.7 8.6-1 2.3-2.6 9.9-11.6 12.5-15.5 2.6-4 5.3-3.3 8.9-2 3.6 1.3 23.1 10.9 27.1 12.9s6.6 3 7.6 4.6c.9 1.9.9 9.9-2.4 19.1zM400 32H48C21.5 32 0 53.5 0 80v352c0 26.5 21.5 48 48 48h352c26.5 0 48-21.5 48-48V80c0-26.5-21.5-48-48-48zM223.9 413.2c-26.6 0-52.7-6.7-75.8-19.3L64 416l22.5-82.2c-13.9-24-21.2-51.3-21.2-79.3C65.4 167.1 136.5 96 223.9 96c42.4 0 82.2 16.5 112.2 46.5 29.9 30 47.9 69.8 47.9 112.2 0 87.4-72.7 158.5-160.1 158.5z\"><\/path><\/svg>\t\t\t\t\t\t<\/span>\n\t\t\t\t\t\t\t\t\t\t<span class=\"elementor-icon-list-text\">Click Send Message!<\/span>\n\t\t\t\t\t\t\t\t\t\t\t<\/a>\n\t\t\t\t\t\t\t\t\t<\/li>\n\t\t\t\t\t\t\t\t<li class=\"elementor-icon-list-item\">\n\t\t\t\t\t\t\t\t\t\t\t<a href=\"https:\/\/maps.app.goo.gl\/DWvhdXN2ysoh3ppM6\" target=\"_blank\" rel=\"noopener\">\n\n\t\t\t\t\t\t\t\t\t\t\t\t<span class=\"elementor-icon-list-icon\">\n\t\t\t\t\t\t\t<svg aria-hidden=\"true\" class=\"e-font-icon-svg e-fas-map-marked-alt\" viewbox=\"0 0 576 512\" xmlns=\"http:\/\/www.w3.org\/2000\/svg\"><path d=\"M288 0c-69.59 0-126 56.41-126 126 0 56.26 82.35 158.8 113.9 196.02 6.39 7.54 17.82 7.54 24.2 0C331.65 284.8 414 182.26 414 126 414 56.41 357.59 0 288 0zm0 168c-23.2 0-42-18.8-42-42s18.8-42 42-42 42 18.8 42 42-18.8 42-42 42zM20.12 215.95A32.006 32.006 0 0 0 0 245.66v250.32c0 11.32 11.43 19.06 21.94 14.86L160 448V214.92c-8.84-15.98-16.07-31.54-21.25-46.42L20.12 215.95zM288 359.67c-14.07 0-27.38-6.18-36.51-16.96-19.66-23.2-40.57-49.62-59.49-76.72v182l192 64V266c-18.92 27.09-39.82 53.52-59.49 76.72-9.13 10.77-22.44 16.95-36.51 16.95zm266.06-198.51L416 224v288l139.88-55.95A31.996 31.996 0 0 0 576 426.34V176.02c0-11.32-11.43-19.06-21.94-14.86z\"><\/path><\/svg>\t\t\t\t\t\t<\/span>\n\t\t\t\t\t\t\t\t\t\t<span class=\"elementor-icon-list-text\">Section neighborhood Cobancesme E-5 Side Road, Atakoy Towers A Block No:20\/1 K:15 D:182 Bakirkoy - Istanbul<\/span>\n\t\t\t\t\t\t\t\t\t\t\t<\/a>\n\t\t\t\t\t\t\t\t\t<\/li>\n\t\t\t\t\t\t<\/ul>\n\t\t\t\t<\/div>\n\t\t\t\t<\/div>\n\t\t\t\t<\/div>\n\t\t\t\t<\/div>\n\t\t<div class=\"elementor-element elementor-element-7f4ffd2 e-con-full e-flex e-con e-child\" data-id=\"7f4ffd2\" data-element_type=\"container\">\n\t\t\t\t<div class=\"elementor-element elementor-element-23fb9db elementor-widget elementor-widget-text-editor\" data-id=\"23fb9db\" data-element_type=\"widget\" data-widget_type=\"text-editor.default\">\n\t\t\t\t<div class=\"elementor-widget-container\">\n\t\t\t\t\t\t\t<p><img fetchpriority=\"high\" decoding=\"async\" class=\"aligncenter wp-image-7122 size-full\" src=\"https:\/\/fundaakoz.com\/wp-content\/uploads\/2024\/09\/Annelik-Estetigi-Mommy-Makeover-3.jpg\" alt=\"Mommy Makeover\" width=\"806\" height=\"400\" srcset=\"https:\/\/fundaakoz.com\/wp-content\/uploads\/2024\/09\/Annelik-Estetigi-Mommy-Makeover-3.jpg 806w, https:\/\/fundaakoz.com\/wp-content\/uploads\/2024\/09\/Annelik-Estetigi-Mommy-Makeover-3-300x149.jpg 300w, https:\/\/fundaakoz.com\/wp-content\/uploads\/2024\/09\/Annelik-Estetigi-Mommy-Makeover-3-768x381.jpg 768w\" sizes=\"(max-width: 806px) 100vw, 806px\" \/><\/p><h2 data-block-id=\"8ec9bb99-6d2c-4d51-83d2-6c5e7e99a237\" data-pm-slice=\"1 3 []\">What is Mommy Makeover?<\/h2><p data-block-id=\"5dec7dff-f01d-453e-89d8-977133091d52\">Mommy Makeover is a series of surgical procedures performed to improve the physical changes that occur in women&#039;s bodies after giving birth. Pregnancy, birth and breastfeeding can cause significant changes in different parts of the body. These aesthetic interventions aim to return the woman to her pre-birth body form.<\/p><h3 data-block-id=\"82a45e03-1918-4322-ad91-c97d4cffdcbb\">What Procedures Does a Mommy Makeover Include?<\/h3><p><strong>A mommy makeover usually combines several basic surgical procedures:<\/strong><\/p><ul><li><strong>Breast Aesthetics<\/strong>: Loss of volume or sagging in the breast tissue after breastfeeding is corrected with breast augmentation, lift or reduction procedures. Breast aesthetics allows women to achieve a youthful and firm breast structure.<\/li><li><strong>Abdominoplasty (Tummy Tuck)<\/strong>: The abdominal area expands during pregnancy, which can cause sagging skin and loosening of the muscle structure. With the tummy tuck procedure, excess skin and fat tissue are removed, the abdominal muscles are tightened, and a flatter and tighter abdominal appearance is achieved.<\/li><li><strong>Liposuction<\/strong>: Targeting regional fat accumulations, this procedure shapes body lines by removing fat that cannot be eliminated with postpartum diet and exercise. It can be applied to the abdomen, waist, hips and thighs.<\/li><li><strong>Vaginal Aesthetics<\/strong>: After birth, loosening and deformations may occur in the vaginal muscles. Vaginal aesthetics corrects aesthetic and functional problems in these areas.<\/li><\/ul><p><img decoding=\"async\" class=\"aligncenter size-full wp-image-7123\" src=\"https:\/\/fundaakoz.com\/wp-content\/uploads\/2024\/09\/Annelik-Estetigi-Mommy-Makeover-nedir-1.jpg\" alt=\"What is Mommy Makeover?\" width=\"806\" height=\"350\" srcset=\"https:\/\/fundaakoz.com\/wp-content\/uploads\/2024\/09\/Annelik-Estetigi-Mommy-Makeover-nedir-1.jpg 806w, https:\/\/fundaakoz.com\/wp-content\/uploads\/2024\/09\/Annelik-Estetigi-Mommy-Makeover-nedir-1-300x130.jpg 300w, https:\/\/fundaakoz.com\/wp-content\/uploads\/2024\/09\/Annelik-Estetigi-Mommy-Makeover-nedir-1-768x333.jpg 768w\" sizes=\"(max-width: 806px) 100vw, 806px\" \/><\/p><h4>Who is Suitable for Mommy Makeover?<\/h4><p>Mommy makeover is suitable for women who experience significant changes in their body after giving birth and are uncomfortable with this situation. Mothers who have given birth more than once or have multiple pregnancies usually choose this procedure. This surgical intervention is usually recommended for women who are not planning another pregnancy, as a new pregnancy can negatively affect the aesthetic results.<\/p><h2>Mommy Makeover Recovery Process<\/h2><p>Since a mommy makeover involves more than one surgical procedure, the recovery process varies from person to person. The recovery process can range from a few weeks to a few months, depending on which procedures are performed. During the recovery process, it is important to follow the doctor&#039;s recommendations, use the prescribed medications regularly, and avoid strenuous activities. In addition, regular skin care may be required to prevent scarring in the post-operative period.<\/p><p>Mommy makeovers provide both physical and psychological benefits by helping women return to their pre-baby bodies. These procedures help women become more satisfied with the appearance of their bodies and increase their self-confidence. However, the longevity of the results depends on the patient&#039;s lifestyle, diet, and exercise habits. Maintaining a healthy lifestyle helps maintain post-operative results for longer.<\/p><p>Mommy makeover is an effective solution that allows women to shape their postpartum bodies and feel better about themselves. However, as with any surgical procedure, it is important to consult an experienced plastic surgeon before this procedure and learn all the details about the procedure.<\/p>\t\t\t\t\t\t<\/div>\n\t\t\t\t<\/div>\n\t\t<div class=\"elementor-element elementor-element-906c82c e-con-full e-flex e-con e-child\" data-id=\"906c82c\" data-element_type=\"container\">\n\t\t<div class=\"elementor-element elementor-element-b15fdd5 e-con-full e-flex e-con e-child\" data-id=\"b15fdd5\" data-element_type=\"container\">\n\t\t\t\t<div class=\"elementor-element elementor-element-72bec0f elementor-widget elementor-widget-html\" data-id=\"72bec0f\" data-element_type=\"widget\" data-widget_type=\"html.default\">\n\t\t\t\t<div class=\"elementor-widget-container\">\n\t\t\t<!DOCTYPE html>\r\n<html lang=\"tr\">\r\n<head>\r\n    <meta charset=\"UTF-8\">\r\n    <meta name=\"viewport\" content=\"width=device-width, initial-scale=1.0\">\r\n    <title>Professional FAQ Design<\/title>\r\n   \r\n<\/head>\r\n<body>\r\n    <div class=\"faq-container\">\r\n        <div class=\"faq-title\">Frequently Asked Questions<\/div>\r\n        <div class=\"faq-item active\">\r\n            <div class=\"faq-question\">What is a mommy makeover and what procedures does it involve?<\/div>\r\n            <div class=\"faq-answer\">A mommy makeover involves a range of cosmetic procedures that aim to correct changes in the body that occur after pregnancy and childbirth. These procedures typically include breast lifts or augmentations, tummy tucks (abdominoplasty), liposuction, and vaginal aesthetics. They can be customized to each patient\u2019s specific needs.<\/div>\r\n        <\/div>\r\n        <div class=\"faq-item\">\r\n            <div class=\"faq-question\">What is the recovery process like after a mommy makeover?<\/div>\r\n            <div class=\"faq-answer\">The recovery process varies depending on the extent of the procedures performed. You can usually return to your daily activities within a few weeks, but full recovery can take several months. Following your doctor&#039;s instructions, eating healthy, and exercising will help maintain your results.<\/div>\r\n        <\/div>\r\n          <div class=\"faq-item\">\r\n            <div class=\"faq-question\">Does a mommy makeover provide permanent results?<\/div>\r\n            <div class=\"faq-answer\">It usually offers permanent results, but later pregnancies or major weight changes can affect these results. It is important to adopt a healthy lifestyle to maintain the results for a long time.<\/div>\r\n        <\/div>\r\n        <div class=\"faq-item\">\r\n            <div class=\"faq-question\">Will the scars after the surgery be permanent?<\/div>\r\n            <div class=\"faq-answer\">After a mommy makeover, scars fade over time, but it can take a year or two for them to completely disappear. Scars are usually left in areas that can be hidden, and with careful skin care, their visibility can be minimized.<\/div>\r\n        <\/div>\r\n      \r\n    <\/div>\r\n\r\n    <script>\r\n        document.querySelectorAll('.faq-question').forEach(item => {\r\n            item.addEventListener('click', () => {\r\n                const parent = item.parentElement;\r\n                parent.classList.toggle('active');\r\n            });\r\n        });\r\n    <\/script>\r\n<\/body>\r\n<\/html>\r\n\t\t<\/div>\n\t\t\t\t<\/div>\n\t\t\t\t<\/div>\n\t\t<div class=\"elementor-element elementor-element-90993b1 e-con-full e-flex e-con e-child\" data-id=\"90993b1\" data-element_type=\"container\">\n\t\t\t\t<div class=\"elementor-element elementor-element-f9df058 elementor-widget elementor-widget-image\" data-id=\"f9df058\" data-element_type=\"widget\" data-widget_type=\"image.default\">\n\t\t\t\t<div class=\"elementor-widget-container\">\n\t\t\t\t\t\t\t\t\t\t\t\t\t<img decoding=\"async\" width=\"288\" height=\"590\" src=\"https:\/\/fundaakoz.com\/wp-content\/uploads\/2024\/09\/Annelik-Estetigi-Mommy-Makeover-sik-sorulan-sorular-1.jpg\" class=\"attachment-full size-full wp-image-7124\" alt=\"Mommy Makeover frequently asked questions\" srcset=\"https:\/\/fundaakoz.com\/wp-content\/uploads\/2024\/09\/Annelik-Estetigi-Mommy-Makeover-sik-sorulan-sorular-1.jpg 288w, https:\/\/fundaakoz.com\/wp-content\/uploads\/2024\/09\/Annelik-Estetigi-Mommy-Makeover-sik-sorulan-sorular-1-146x300.jpg 146w\" sizes=\"(max-width: 288px) 100vw, 288px\" \/>\t\t\t\t\t\t\t\t\t\t\t\t\t<\/div>\n\t\t\t\t<\/div>\n\t\t\t\t<\/div>\n\t\t\t\t<\/div>\n\t\t\t\t<\/div>\n\t\t\t\t<\/div>\n\t\t\t\t<\/div>","protected":false},"excerpt":{"rendered":"<p>All Treatments Rhinoplasty Facial Aesthetics Eyelid Aesthetics Breast Aesthetics Abdominoplasty Filling Applications Humberger Toggle Menu Contact Information 0501 071 0110 Click Send Message! K\u0131s\u0131m mah. \u00c7oban\u00e7e\u015fme E-5 Yan Yol, Atak\u00f6y Towers A Blok No:20\/1 K:15 D:182 Bak\u0131rk\u00f6y \u2013 \u0130stanbul What is Mommy Makeover? Mommy Makeover is a procedure performed on the bodies of women after giving birth\u2026<\/p>","protected":false},"author":1,"featured_media":0,"parent":0,"menu_order":0,"comment_status":"closed","ping_status":"closed","template":"","meta":{"footnotes":""},"class_list":["post-5834","page","type-page","status-publish","hentry"],"_links":{"self":[{"href":"https:\/\/fundaakoz.com\/en\/wp-json\/wp\/v2\/pages\/5834"}],"collection":[{"href":"https:\/\/fundaakoz.com\/en\/wp-json\/wp\/v2\/pages"}],"about":[{"href":"https:\/\/fundaakoz.com\/en\/wp-json\/wp\/v2\/types\/page"}],"author":[{"embeddable":true,"href":"https:\/\/fundaakoz.com\/en\/wp-json\/wp\/v2\/users\/1"}],"replies":[{"embeddable":true,"href":"https:\/\/fundaakoz.com\/en\/wp-json\/wp\/v2\/comments?post=5834"}],"version-history":[{"count":0,"href":"https:\/\/fundaakoz.com\/en\/wp-json\/wp\/v2\/pages\/5834\/revisions"}],"wp:attachment":[{"href":"https:\/\/fundaakoz.com\/en\/wp-json\/wp\/v2\/media?parent=5834"}],"curies":[{"name":"wp","href":"https:\/\/api.w.org\/{rel}","templated":true}]}}