{"id":5852,"date":"2024-09-05T16:19:59","date_gmt":"2024-09-05T13:19:59","guid":{"rendered":"https:\/\/fundaakoz.com\/?page_id=5852"},"modified":"2024-09-30T14:15:51","modified_gmt":"2024-09-30T11:15:51","slug":"liposuction","status":"publish","type":"page","link":"https:\/\/fundaakoz.com\/en\/liposuction\/","title":{"rendered":"Liposuction"},"content":{"rendered":"<div data-elementor-type=\"wp-page\" data-elementor-id=\"5852\" class=\"elementor elementor-5852\">\n\t\t\t\t<div class=\"elementor-element elementor-element-e03fddc e-con-full e-flex e-con e-parent\" data-id=\"e03fddc\" data-element_type=\"container\">\n\t\t<div class=\"elementor-element elementor-element-be4fd21 e-con-full e-flex e-con e-child\" data-id=\"be4fd21\" data-element_type=\"container\">\n\t\t\t\t<div class=\"elementor-element elementor-element-8eb835a elementor-widget elementor-widget-heading\" data-id=\"8eb835a\" data-element_type=\"widget\" data-widget_type=\"heading.default\">\n\t\t\t\t<div class=\"elementor-widget-container\">\n\t\t\t<h4 class=\"elementor-heading-title elementor-size-default\">All Treatments<\/h4>\t\t<\/div>\n\t\t\t\t<\/div>\n\t\t\t\t<div class=\"elementor-element elementor-element-637560a eael-hamburger--none elementor-widget elementor-widget-eael-simple-menu\" data-id=\"637560a\" data-element_type=\"widget\" data-widget_type=\"eael-simple-menu.default\">\n\t\t\t\t<div class=\"elementor-widget-container\">\n\t\t\t            <div data-hamburger-icon=\"&lt;svg aria-hidden=&quot;true&quot; class=&quot;e-font-icon-svg e-fas-bars&quot; viewBox=&quot;0 0 448 512&quot; xmlns=&quot;http:\/\/www.w3.org\/2000\/svg&quot;&gt;&lt;path d=&quot;M16 132h416c8.837 0 16-7.163 16-16V76c0-8.837-7.163-16-16-16H16C7.163 60 0 67.163 0 76v40c0 8.837 7.163 16 16 16zm0 160h416c8.837 0 16-7.163 16-16v-40c0-8.837-7.163-16-16-16H16c-8.837 0-16 7.163-16 16v40c0 8.837 7.163 16 16 16zm0 160h416c8.837 0 16-7.163 16-16v-40c0-8.837-7.163-16-16-16H16c-8.837 0-16 7.163-16 16v40c0 8.837 7.163 16 16 16z&quot;&gt;&lt;\/path&gt;&lt;\/svg&gt;\" data-indicator-icon=\"\" data-dropdown-indicator-icon=\"&lt;svg class=&quot;e-font-icon-svg e-fas-angle-down&quot; viewBox=&quot;0 0 320 512&quot; xmlns=&quot;http:\/\/www.w3.org\/2000\/svg&quot;&gt;&lt;path d=&quot;M143 352.3L7 216.3c-9.4-9.4-9.4-24.6 0-33.9l22.6-22.6c9.4-9.4 24.6-9.4 33.9 0l96.4 96.4 96.4-96.4c9.4-9.4 24.6-9.4 33.9 0l22.6 22.6c9.4 9.4 9.4 24.6 0 33.9l-136 136c-9.2 9.4-24.4 9.4-33.8 0z&quot;&gt;&lt;\/path&gt;&lt;\/svg&gt;\" class=\"eael-simple-menu-container eael-simple-menu-align-left eael-simple-menu-dropdown-align-left preset-1\" data-hamburger-breakpoints=\"{&quot;mobile&quot;:&quot;Mobile Portrait (&gt; 767px)&quot;,&quot;tablet&quot;:&quot;Tablet Portrait (&gt; 1024px)&quot;,&quot;desktop&quot;:&quot;Desktop (&gt; 2400px)&quot;,&quot;none&quot;:&quot;None&quot;}\" data-hamburger-device=\"none\">\n                <ul id=\"menu-tedaviler\" class=\"eael-simple-menu eael-simple-menu-dropdown-animate-to-top eael-simple-menu-indicator eael-simple-menu-vertical\"><li id=\"menu-item-5224\" class=\"menu-item menu-item-type-post_type menu-item-object-page menu-item-5224\"><a href=\"https:\/\/fundaakoz.com\/en\/rhinoplasty\/\">Rhinoplasty<\/a><\/li>\n<li id=\"menu-item-5229\" class=\"menu-item menu-item-type-post_type menu-item-object-page menu-item-5229\"><a href=\"https:\/\/fundaakoz.com\/en\/facial-aesthetics\/\">Facial Aesthetics<\/a><\/li>\n<li id=\"menu-item-7183\" class=\"menu-item menu-item-type-post_type menu-item-object-page menu-item-7183\"><a href=\"https:\/\/fundaakoz.com\/en\/lip-aesthetics-lip-lifting\/\">Lip Aesthetics<\/a><\/li>\n<li id=\"menu-item-5226\" class=\"menu-item menu-item-type-post_type menu-item-object-page menu-item-5226\"><a href=\"https:\/\/fundaakoz.com\/en\/eyelid-aesthetics\/\">Eyelid Aesthetics<\/a><\/li>\n<li id=\"menu-item-7182\" class=\"menu-item menu-item-type-post_type menu-item-object-page menu-item-7182\"><a href=\"https:\/\/fundaakoz.com\/en\/bisectomy-cheek-aesthetics\/\">Bishectomy<\/a><\/li>\n<li id=\"menu-item-5228\" class=\"menu-item menu-item-type-post_type menu-item-object-page menu-item-5228\"><a href=\"https:\/\/fundaakoz.com\/en\/breast-aesthetics\/\">Breast Aesthetics<\/a><\/li>\n<li id=\"menu-item-5227\" class=\"menu-item menu-item-type-post_type menu-item-object-page menu-item-5227\"><a href=\"https:\/\/fundaakoz.com\/en\/abdominoplasty\/\">Abdominoplasty<\/a><\/li>\n<li id=\"menu-item-7181\" class=\"menu-item menu-item-type-post_type menu-item-object-page menu-item-7181\"><a href=\"https:\/\/fundaakoz.com\/en\/mommy-aesthetics-mommy-makeover\/\">Mommy Makeover<\/a><\/li>\n<li id=\"menu-item-7184\" class=\"menu-item menu-item-type-post_type menu-item-object-page menu-item-7184\"><a href=\"https:\/\/fundaakoz.com\/en\/liposuction\/\">Liposuction<\/a><\/li>\n<li id=\"menu-item-7185\" class=\"menu-item menu-item-type-post_type menu-item-object-page menu-item-7185\"><a href=\"https:\/\/fundaakoz.com\/en\/butt-aesthetic-bbl\/\">Butt Aesthetics (BBL)<\/a><\/li>\n<\/ul>                <button class=\"eael-simple-menu-toggle\">\n                    <span class=\"sr-only\">Humberger Toggle Menu<\/span>\n                    <svg aria-hidden=\"true\" class=\"e-font-icon-svg e-fas-bars\" viewbox=\"0 0 448 512\" xmlns=\"http:\/\/www.w3.org\/2000\/svg\"><path d=\"M16 132h416c8.837 0 16-7.163 16-16V76c0-8.837-7.163-16-16-16H16C7.163 60 0 67.163 0 76v40c0 8.837 7.163 16 16 16zm0 160h416c8.837 0 16-7.163 16-16v-40c0-8.837-7.163-16-16-16H16c-8.837 0-16 7.163-16 16v40c0 8.837 7.163 16 16 16zm0 160h416c8.837 0 16-7.163 16-16v-40c0-8.837-7.163-16-16-16H16c-8.837 0-16 7.163-16 16v40c0 8.837 7.163 16 16 16z\"><\/path><\/svg>                <\/button>\n            <\/div>\n            \t\t<\/div>\n\t\t\t\t<\/div>\n\t\t<div class=\"elementor-element elementor-element-172efbf e-con-full e-flex e-con e-child\" data-id=\"172efbf\" data-element_type=\"container\" data-settings=\"{&quot;background_background&quot;:&quot;classic&quot;}\">\n\t\t\t\t<div class=\"elementor-element elementor-element-88d1e7f elementor-widget elementor-widget-heading\" data-id=\"88d1e7f\" data-element_type=\"widget\" data-widget_type=\"heading.default\">\n\t\t\t\t<div class=\"elementor-widget-container\">\n\t\t\t<h4 class=\"elementor-heading-title elementor-size-default\">Contact Information<\/h4>\t\t<\/div>\n\t\t\t\t<\/div>\n\t\t\t\t<div class=\"elementor-element elementor-element-667545f elementor-icon-list--layout-traditional elementor-list-item-link-full_width elementor-widget elementor-widget-icon-list\" data-id=\"667545f\" data-element_type=\"widget\" data-widget_type=\"icon-list.default\">\n\t\t\t\t<div class=\"elementor-widget-container\">\n\t\t\t\t\t<ul class=\"elementor-icon-list-items\">\n\t\t\t\t\t\t\t<li class=\"elementor-icon-list-item\">\n\t\t\t\t\t\t\t\t\t\t\t<a href=\"Tel:+905010710110\" target=\"_blank\" class=\"telefon_iletisim\">\n\n\t\t\t\t\t\t\t\t\t\t\t\t<span class=\"elementor-icon-list-icon\">\n\t\t\t\t\t\t\t<svg aria-hidden=\"true\" class=\"e-font-icon-svg e-fas-phone-square-alt\" viewbox=\"0 0 448 512\" xmlns=\"http:\/\/www.w3.org\/2000\/svg\"><path d=\"M400 32H48A48 48 0 0 0 0 80v352a48 48 0 0 0 48 48h352a48 48 0 0 0 48-48V80a48 48 0 0 0-48-48zm-16.39 307.37l-15 65A15 15 0 0 1 354 416C194 416 64 286.29 64 126a15.7 15.7 0 0 1 11.63-14.61l65-15A18.23 18.23 0 0 1 144 96a16.27 16.27 0 0 1 13.79 9.09l30 70A17.9 17.9 0 0 1 189 181a17 17 0 0 1-5.5 11.61l-37.89 31a231.91 231.91 0 0 0 110.78 110.78l31-37.89A17 17 0 0 1 299 291a17.85 17.85 0 0 1 5.91 1.21l70 30A16.25 16.25 0 0 1 384 336a17.41 17.41 0 0 1-.39 3.37z\"><\/path><\/svg>\t\t\t\t\t\t<\/span>\n\t\t\t\t\t\t\t\t\t\t<span class=\"elementor-icon-list-text\">0501 071 0110<\/span>\n\t\t\t\t\t\t\t\t\t\t\t<\/a>\n\t\t\t\t\t\t\t\t\t<\/li>\n\t\t\t\t\t\t\t\t<li class=\"elementor-icon-list-item\">\n\t\t\t\t\t\t\t\t\t\t\t<a href=\"https:\/\/wa.me\/905334242729\" target=\"_blank\" class=\"whatsapp_iletisim\" rel=\"noopener\">\n\n\t\t\t\t\t\t\t\t\t\t\t\t<span class=\"elementor-icon-list-icon\">\n\t\t\t\t\t\t\t<svg aria-hidden=\"true\" class=\"e-font-icon-svg e-fab-whatsapp-square\" viewbox=\"0 0 448 512\" xmlns=\"http:\/\/www.w3.org\/2000\/svg\"><path d=\"M224 122.8c-72.7 0-131.8 59.1-131.9 131.8 0 24.9 7 49.2 20.2 70.1l3.1 5-13.3 48.6 49.9-13.1 4.8 2.9c20.2 12 43.4 18.4 67.1 18.4h.1c72.6 0 133.3-59.1 133.3-131.8 0-35.2-15.2-68.3-40.1-93.2-25-25-58-38.7-93.2-38.7zm77.5 188.4c-3.3 9.3-19.1 17.7-26.7 18.8-12.6 1.9-22.4.9-47.5-9.9-39.7-17.2-65.7-57.2-67.7-59.8-2-2.6-16.2-21.5-16.2-41s10.2-29.1 13.9-33.1c3.6-4 7.9-5 10.6-5 2.6 0 5.3 0 7.6.1 2.4.1 5.7-.9 8.9 6.8 3.3 7.9 11.2 27.4 12.2 29.4s1.7 4.3.3 6.9c-7.6 15.2-15.7 14.6-11.6 21.6 15.3 26.3 30.6 35.4 53.9 47.1 4 2 6.3 1.7 8.6-1 2.3-2.6 9.9-11.6 12.5-15.5 2.6-4 5.3-3.3 8.9-2 3.6 1.3 23.1 10.9 27.1 12.9s6.6 3 7.6 4.6c.9 1.9.9 9.9-2.4 19.1zM400 32H48C21.5 32 0 53.5 0 80v352c0 26.5 21.5 48 48 48h352c26.5 0 48-21.5 48-48V80c0-26.5-21.5-48-48-48zM223.9 413.2c-26.6 0-52.7-6.7-75.8-19.3L64 416l22.5-82.2c-13.9-24-21.2-51.3-21.2-79.3C65.4 167.1 136.5 96 223.9 96c42.4 0 82.2 16.5 112.2 46.5 29.9 30 47.9 69.8 47.9 112.2 0 87.4-72.7 158.5-160.1 158.5z\"><\/path><\/svg>\t\t\t\t\t\t<\/span>\n\t\t\t\t\t\t\t\t\t\t<span class=\"elementor-icon-list-text\">Click Send Message!<\/span>\n\t\t\t\t\t\t\t\t\t\t\t<\/a>\n\t\t\t\t\t\t\t\t\t<\/li>\n\t\t\t\t\t\t\t\t<li class=\"elementor-icon-list-item\">\n\t\t\t\t\t\t\t\t\t\t\t<a href=\"https:\/\/maps.app.goo.gl\/DWvhdXN2ysoh3ppM6\" target=\"_blank\" rel=\"noopener\">\n\n\t\t\t\t\t\t\t\t\t\t\t\t<span class=\"elementor-icon-list-icon\">\n\t\t\t\t\t\t\t<svg aria-hidden=\"true\" class=\"e-font-icon-svg e-fas-map-marked-alt\" viewbox=\"0 0 576 512\" xmlns=\"http:\/\/www.w3.org\/2000\/svg\"><path d=\"M288 0c-69.59 0-126 56.41-126 126 0 56.26 82.35 158.8 113.9 196.02 6.39 7.54 17.82 7.54 24.2 0C331.65 284.8 414 182.26 414 126 414 56.41 357.59 0 288 0zm0 168c-23.2 0-42-18.8-42-42s18.8-42 42-42 42 18.8 42 42-18.8 42-42 42zM20.12 215.95A32.006 32.006 0 0 0 0 245.66v250.32c0 11.32 11.43 19.06 21.94 14.86L160 448V214.92c-8.84-15.98-16.07-31.54-21.25-46.42L20.12 215.95zM288 359.67c-14.07 0-27.38-6.18-36.51-16.96-19.66-23.2-40.57-49.62-59.49-76.72v182l192 64V266c-18.92 27.09-39.82 53.52-59.49 76.72-9.13 10.77-22.44 16.95-36.51 16.95zm266.06-198.51L416 224v288l139.88-55.95A31.996 31.996 0 0 0 576 426.34V176.02c0-11.32-11.43-19.06-21.94-14.86z\"><\/path><\/svg>\t\t\t\t\t\t<\/span>\n\t\t\t\t\t\t\t\t\t\t<span class=\"elementor-icon-list-text\">Section neighborhood Cobancesme E-5 Side Road, Atakoy Towers A Block No:20\/1 K:15 D:182 Bakirkoy - Istanbul<\/span>\n\t\t\t\t\t\t\t\t\t\t\t<\/a>\n\t\t\t\t\t\t\t\t\t<\/li>\n\t\t\t\t\t\t<\/ul>\n\t\t\t\t<\/div>\n\t\t\t\t<\/div>\n\t\t\t\t<\/div>\n\t\t\t\t<\/div>\n\t\t<div class=\"elementor-element elementor-element-7f4ffd2 e-con-full e-flex e-con e-child\" data-id=\"7f4ffd2\" data-element_type=\"container\">\n\t\t\t\t<div class=\"elementor-element elementor-element-23fb9db elementor-widget elementor-widget-text-editor\" data-id=\"23fb9db\" data-element_type=\"widget\" data-widget_type=\"text-editor.default\">\n\t\t\t\t<div class=\"elementor-widget-container\">\n\t\t\t\t\t\t\t<p><img fetchpriority=\"high\" decoding=\"async\" class=\"aligncenter size-full wp-image-7166\" src=\"https:\/\/fundaakoz.com\/wp-content\/uploads\/2024\/09\/Liposuction-1.jpg\" alt=\"Liposuction\" width=\"806\" height=\"400\" srcset=\"https:\/\/fundaakoz.com\/wp-content\/uploads\/2024\/09\/Liposuction-1.jpg 806w, https:\/\/fundaakoz.com\/wp-content\/uploads\/2024\/09\/Liposuction-1-300x149.jpg 300w, https:\/\/fundaakoz.com\/wp-content\/uploads\/2024\/09\/Liposuction-1-768x381.jpg 768w\" sizes=\"(max-width: 806px) 100vw, 806px\" \/><\/p><h2 data-block-id=\"8ec9bb99-6d2c-4d51-83d2-6c5e7e99a237\" data-pm-slice=\"1 3 []\">What is Liposuction?<\/h2><p data-block-id=\"5dec7dff-f01d-453e-89d8-977133091d52\">Liposuction, medically known as lipoplasty, is a cosmetic surgery procedure performed to remove unwanted fat deposits from the body. It is usually preferred to remove fat from areas resistant to diet and exercise. Liposuction improves body contour, but is not a treatment for weight loss. This procedure removes excess fat, especially in areas such as the abdomen, hips, thighs, arms, back and neck.<\/p><h3>How is Liposuction Performed?<\/h3><p>Liposuction is usually performed under local or general anesthesia. During the procedure, the surgeon makes small incisions to reach the fat tissue in the target area. A thin cannula (a type of thin tube) is inserted through these incisions and the fat tissue is vacuumed out with the help of the cannula. Modern liposuction techniques may also include ultrasonic or laser-assisted methods that liquefy the fat and make it easier to remove.<\/p><p>The procedure time varies depending on the amount of fat to be removed and the width of the target area. The procedure usually takes between 1 and 3 hours and patients can be discharged the same day. However, larger interventions may require an overnight stay in the hospital.<\/p><h4>Who is Liposuction Suitable For?<\/h4><p>Liposuction is suitable for people who are in good general health, have adequate skin elasticity, and have excess fat in certain areas. It is important for candidates to understand that liposuction is not weight loss but body shaping. It is not used as a treatment for obesity. Ideal candidates are generally individuals who are of normal weight according to their body mass index (BMI) and who complain of localized fat deposits.<\/p><p><img decoding=\"async\" class=\"aligncenter size-full wp-image-7167\" src=\"https:\/\/fundaakoz.com\/wp-content\/uploads\/2024\/09\/Liposuction-nedir-1.jpg\" alt=\"What is liposuction?\" width=\"806\" height=\"350\" srcset=\"https:\/\/fundaakoz.com\/wp-content\/uploads\/2024\/09\/Liposuction-nedir-1.jpg 806w, https:\/\/fundaakoz.com\/wp-content\/uploads\/2024\/09\/Liposuction-nedir-1-300x130.jpg 300w, https:\/\/fundaakoz.com\/wp-content\/uploads\/2024\/09\/Liposuction-nedir-1-768x333.jpg 768w\" sizes=\"(max-width: 806px) 100vw, 806px\" \/><\/p><h2>Recovery Process After Liposuction<\/h2><p>The healing process varies from person to person, but it usually takes a few weeks. After the procedure, patients may experience mild bruising, swelling, and pain. These symptoms subside within a few weeks. The surgeon usually recommends wearing a corset or tight bandage after the surgery. This helps reduce swelling and helps the skin adapt to its new shape faster.<\/p><p>It may take several months for patients to see full results. There may be slight weight changes in the first few weeks, but this is due to fluid loss after the procedure and the body adapting to its new shape. Liposuction offers permanent results, but it is important to adopt a healthy lifestyle to maintain the results. Otherwise, fat may accumulate again in other areas.<\/p><h3>Benefits of Liposuction<\/h3><p>Liposuction can improve body contours and increase self-confidence. In areas where fat that cannot be eliminated with diet and exercise is removed, a significant thinning and tightening is achieved. As a result, a more aesthetic body contour is achieved. However, it is important to avoid weight gain and adopt a healthy lifestyle in order to maintain the results for a long time.<\/p><p>Liposuction is an effective method for removing stubborn fat accumulated in certain areas of the body. In healthy individuals, when combined with a balanced lifestyle, liposuction results can be permanent and satisfactory. However, this procedure should not be considered a weight loss method, but rather a body shaping tool. Following doctor&#039;s recommendations before and after the procedure is one of the most important factors that increase success.<\/p>\t\t\t\t\t\t<\/div>\n\t\t\t\t<\/div>\n\t\t<div class=\"elementor-element elementor-element-906c82c e-con-full e-flex e-con e-child\" data-id=\"906c82c\" data-element_type=\"container\">\n\t\t<div class=\"elementor-element elementor-element-b15fdd5 e-con-full e-flex e-con e-child\" data-id=\"b15fdd5\" data-element_type=\"container\">\n\t\t\t\t<div class=\"elementor-element elementor-element-72bec0f elementor-widget elementor-widget-html\" data-id=\"72bec0f\" data-element_type=\"widget\" data-widget_type=\"html.default\">\n\t\t\t\t<div class=\"elementor-widget-container\">\n\t\t\t<!DOCTYPE html>\r\n<html lang=\"tr\">\r\n<head>\r\n    <meta charset=\"UTF-8\">\r\n    <meta name=\"viewport\" content=\"width=device-width, initial-scale=1.0\">\r\n    <title>Professional FAQ Design<\/title>\r\n   \r\n<\/head>\r\n<body>\r\n    <div class=\"faq-container\">\r\n        <div class=\"faq-title\">Frequently Asked Questions<\/div>\r\n        <div class=\"faq-item active\">\r\n            <div class=\"faq-question\">Is liposuction a weight loss method?<\/div>\r\n            <div class=\"faq-answer\">No, liposuction is not a weight loss method, it is a body shaping surgery. It targets regional fat deposits that cannot be eliminated with diet and exercise. Weight loss may occur after liposuction, but this procedure is not performed for weight control, but to obtain a more aesthetic body contour.<\/div>\r\n        <\/div>\r\n        <div class=\"faq-item\">\r\n            <div class=\"faq-question\">Will there be any scars after liposuction surgery?<\/div>\r\n            <div class=\"faq-answer\">Liposuction requires small incisions of 2-3 mm to extract fat from the body. Most of these incisions are so small that they are not noticeable during the healing process. However, in some cases, depending on the area treated and individual healing factors, slight scarring may occur.<\/div>\r\n        <\/div>\r\n          <div class=\"faq-item\">\r\n            <div class=\"faq-question\">What is the recovery process like after liposuction?<\/div>\r\n            <div class=\"faq-answer\">The recovery process after liposuction usually takes a few weeks. Swelling, bruising and mild pain may occur. Wearing a tight corset for the first 2-3 weeks is recommended to control swelling and allow the skin to reshape. Full results are usually seen within a few months.<\/div>\r\n        <\/div>\r\n        <div class=\"faq-item\">\r\n            <div class=\"faq-question\">Which areas can liposuction be applied to?<\/div>\r\n            <div class=\"faq-answer\">Liposuction is most commonly performed on the abdomen, waist, hips, buttocks, thighs, arms and chin. In men, it is also frequently preferred on the chest area (gynecomastia).<\/div>\r\n        <\/div>\r\n      \r\n    <\/div>\r\n\r\n    <script>\r\n        document.querySelectorAll('.faq-question').forEach(item => {\r\n            item.addEventListener('click', () => {\r\n                const parent = item.parentElement;\r\n                parent.classList.toggle('active');\r\n            });\r\n        });\r\n    <\/script>\r\n<\/body>\r\n<\/html>\r\n\t\t<\/div>\n\t\t\t\t<\/div>\n\t\t\t\t<\/div>\n\t\t<div class=\"elementor-element elementor-element-90993b1 e-con-full e-flex e-con e-child\" data-id=\"90993b1\" data-element_type=\"container\">\n\t\t\t\t<div class=\"elementor-element elementor-element-f9df058 elementor-widget elementor-widget-image\" data-id=\"f9df058\" data-element_type=\"widget\" data-widget_type=\"image.default\">\n\t\t\t\t<div class=\"elementor-widget-container\">\n\t\t\t\t\t\t\t\t\t\t\t\t\t<img decoding=\"async\" width=\"288\" height=\"590\" src=\"https:\/\/fundaakoz.com\/wp-content\/uploads\/2024\/09\/Liposuction-sik-sorulan-sorular-1.jpg\" class=\"attachment-full size-full wp-image-7168\" alt=\"\" srcset=\"https:\/\/fundaakoz.com\/wp-content\/uploads\/2024\/09\/Liposuction-sik-sorulan-sorular-1.jpg 288w, https:\/\/fundaakoz.com\/wp-content\/uploads\/2024\/09\/Liposuction-sik-sorulan-sorular-1-146x300.jpg 146w\" sizes=\"(max-width: 288px) 100vw, 288px\" \/>\t\t\t\t\t\t\t\t\t\t\t\t\t<\/div>\n\t\t\t\t<\/div>\n\t\t\t\t<\/div>\n\t\t\t\t<\/div>\n\t\t\t\t<\/div>\n\t\t\t\t<\/div>\n\t\t\t\t<\/div>","protected":false},"excerpt":{"rendered":"<p>All Treatments Rhinoplasty Facial Aesthetics Eyelid Aesthetics Breast Aesthetics Abdominoplasty Filling Applications Humberger Toggle Menu Contact Information 0501 071 0110 Click Send Message! K\u0131s\u0131m mah. \u00c7oban\u00e7e\u015fme E-5 Yan Yol, Atak\u00f6y Towers A Blok No:20\/1 K:15 D:182 Bak\u0131rk\u00f6y \u2013 \u0130stanbul What is Liposuction? Liposuction, medically known as lipoplasty, is a procedure performed to remove unwanted fat deposits in the body\u2026<\/p>","protected":false},"author":1,"featured_media":0,"parent":0,"menu_order":0,"comment_status":"closed","ping_status":"closed","template":"","meta":{"footnotes":""},"class_list":["post-5852","page","type-page","status-publish","hentry"],"_links":{"self":[{"href":"https:\/\/fundaakoz.com\/en\/wp-json\/wp\/v2\/pages\/5852"}],"collection":[{"href":"https:\/\/fundaakoz.com\/en\/wp-json\/wp\/v2\/pages"}],"about":[{"href":"https:\/\/fundaakoz.com\/en\/wp-json\/wp\/v2\/types\/page"}],"author":[{"embeddable":true,"href":"https:\/\/fundaakoz.com\/en\/wp-json\/wp\/v2\/users\/1"}],"replies":[{"embeddable":true,"href":"https:\/\/fundaakoz.com\/en\/wp-json\/wp\/v2\/comments?post=5852"}],"version-history":[{"count":0,"href":"https:\/\/fundaakoz.com\/en\/wp-json\/wp\/v2\/pages\/5852\/revisions"}],"wp:attachment":[{"href":"https:\/\/fundaakoz.com\/en\/wp-json\/wp\/v2\/media?parent=5852"}],"curies":[{"name":"wp","href":"https:\/\/api.w.org\/{rel}","templated":true}]}}